{"id":16810,"date":"2021-06-23T16:27:20","date_gmt":"2021-06-23T16:27:20","guid":{"rendered":"https:\/\/server.idssoft.net\/idsdemo\/producto\/pack-10-capsulas-cafe-descafeinado-deqafeinatus-delta\/"},"modified":"2021-06-23T16:27:20","modified_gmt":"2021-06-23T16:27:20","slug":"pack-10-capsulas-cafe-descafeinado-deqafeinatus-delta","status":"publish","type":"product","link":"https:\/\/server.idssoft.net\/idsdemo\/producto\/pack-10-capsulas-cafe-descafeinado-deqafeinatus-delta\/","title":{"rendered":"PACK 10 CAPSULAS CAFE DESCAFEINADO DEQAFEINATUS DELTA"},"content":{"rendered":"<p>Rico y aut\u00e9ntico<br \/>Delta Q deQafeinatus es un caf\u00e9 rico e intenso creado especialmente para los que le dan importancia al sabor y al aroma del caf\u00e9, pero sin cafe\u00edna. Delta Q deQafeinatus produce un expreso con notas de caramelo y nuez tostada,<\/p>\n","protected":false},"excerpt":{"rendered":"<p>Rico y aut\u00e9nticoDelta Q deQafeinatus es un caf\u00e9 rico e intenso creado especialmente para los que le dan importancia al sabor y al aroma del caf\u00e9, pero sin cafe\u00edna. Delta Q deQafeinatus produce un expreso con notas de caramelo y nuez tostada,<\/p>\n","protected":false},"featured_media":16809,"comment_status":"open","ping_status":"closed","template":"","meta":[],"product_cat":[502],"product_tag":[],"class_list":["post-16810","product","type-product","status-publish","has-post-thumbnail","hentry","product_cat-cafeteras-electricas","thunk-woo-product-list","opn-qv-enable","top-store-woo-hover-","top-store-single-product-tab-horizontal","top-store-shadow-","top-store-shadow-hover-"],"_links":{"self":[{"href":"https:\/\/server.idssoft.net\/idsdemo\/wp-json\/wp\/v2\/product\/16810","targetHints":{"allow":["GET"]}}],"collection":[{"href":"https:\/\/server.idssoft.net\/idsdemo\/wp-json\/wp\/v2\/product"}],"about":[{"href":"https:\/\/server.idssoft.net\/idsdemo\/wp-json\/wp\/v2\/types\/product"}],"replies":[{"embeddable":true,"href":"https:\/\/server.idssoft.net\/idsdemo\/wp-json\/wp\/v2\/comments?post=16810"}],"wp:featuredmedia":[{"embeddable":true,"href":"https:\/\/server.idssoft.net\/idsdemo\/wp-json\/wp\/v2\/media\/16809"}],"wp:attachment":[{"href":"https:\/\/server.idssoft.net\/idsdemo\/wp-json\/wp\/v2\/media?parent=16810"}],"wp:term":[{"taxonomy":"product_cat","embeddable":true,"href":"https:\/\/server.idssoft.net\/idsdemo\/wp-json\/wp\/v2\/product_cat?post=16810"},{"taxonomy":"product_tag","embeddable":true,"href":"https:\/\/server.idssoft.net\/idsdemo\/wp-json\/wp\/v2\/product_tag?post=16810"}],"curies":[{"name":"wp","href":"https:\/\/api.w.org\/{rel}","templated":true}]}}