{"id":16814,"date":"2021-06-23T16:27:31","date_gmt":"2021-06-23T16:27:31","guid":{"rendered":"https:\/\/server.idssoft.net\/idsdemo\/producto\/pack-10-capsulas-tisana-relax-manzanilla-delta-relax\/"},"modified":"2021-06-23T16:27:31","modified_gmt":"2021-06-23T16:27:31","slug":"pack-10-capsulas-tisana-relax-manzanilla-delta-relax","status":"publish","type":"product","link":"https:\/\/server.idssoft.net\/idsdemo\/producto\/pack-10-capsulas-tisana-relax-manzanilla-delta-relax\/","title":{"rendered":"PACK 10 CAPSULAS TISANA RELAX MANZANILLA DELTA RELAX"},"content":{"rendered":"<p>Una tisana relajante<br \/>Delta Q Relax es una infusi\u00f3n de manzanilla suave y reconfortante con sutiles notas de melocot\u00f3n. Tisana Relax es la bebida ideal para un final del d\u00eda m\u00e1s relajante.<br \/>Composici\u00f3n<br \/>La tisana Delta Q Relax est\u00e1 e<\/p>\n","protected":false},"excerpt":{"rendered":"<p>Una tisana relajanteDelta Q Relax es una infusi\u00f3n de manzanilla suave y reconfortante con sutiles notas de melocot\u00f3n. Tisana Relax es la bebida ideal para un final del d\u00eda m\u00e1s relajante.Composici\u00f3nLa tisana Delta Q Relax est\u00e1 e<\/p>\n","protected":false},"featured_media":16813,"comment_status":"open","ping_status":"closed","template":"","meta":[],"product_cat":[502],"product_tag":[],"class_list":["post-16814","product","type-product","status-publish","has-post-thumbnail","hentry","product_cat-cafeteras-electricas","thunk-woo-product-list","opn-qv-enable","top-store-woo-hover-","top-store-single-product-tab-horizontal","top-store-shadow-","top-store-shadow-hover-"],"_links":{"self":[{"href":"https:\/\/server.idssoft.net\/idsdemo\/wp-json\/wp\/v2\/product\/16814","targetHints":{"allow":["GET"]}}],"collection":[{"href":"https:\/\/server.idssoft.net\/idsdemo\/wp-json\/wp\/v2\/product"}],"about":[{"href":"https:\/\/server.idssoft.net\/idsdemo\/wp-json\/wp\/v2\/types\/product"}],"replies":[{"embeddable":true,"href":"https:\/\/server.idssoft.net\/idsdemo\/wp-json\/wp\/v2\/comments?post=16814"}],"wp:featuredmedia":[{"embeddable":true,"href":"https:\/\/server.idssoft.net\/idsdemo\/wp-json\/wp\/v2\/media\/16813"}],"wp:attachment":[{"href":"https:\/\/server.idssoft.net\/idsdemo\/wp-json\/wp\/v2\/media?parent=16814"}],"wp:term":[{"taxonomy":"product_cat","embeddable":true,"href":"https:\/\/server.idssoft.net\/idsdemo\/wp-json\/wp\/v2\/product_cat?post=16814"},{"taxonomy":"product_tag","embeddable":true,"href":"https:\/\/server.idssoft.net\/idsdemo\/wp-json\/wp\/v2\/product_tag?post=16814"}],"curies":[{"name":"wp","href":"https:\/\/api.w.org\/{rel}","templated":true}]}}