{"id":16816,"date":"2021-06-23T16:27:36","date_gmt":"2021-06-23T16:27:36","guid":{"rendered":"https:\/\/server.idssoft.net\/idsdemo\/producto\/pack-40-capsulas-cafe-delta-qalidus\/"},"modified":"2021-06-23T16:27:36","modified_gmt":"2021-06-23T16:27:36","slug":"pack-40-capsulas-cafe-delta-qalidus","status":"publish","type":"product","link":"https:\/\/server.idssoft.net\/idsdemo\/producto\/pack-40-capsulas-cafe-delta-qalidus\/","title":{"rendered":"PACK 40 CAPSULAS CAFE DELTA QALIDUS"},"content":{"rendered":"<p>Fruto de una exquisita combinaci\u00f3n de robustas de Camer\u00fan y Angola con ar\u00e1bicas de Honduras, Qalidus es un delicioso expresso con notas de caramelo, enriquecidas por una leve acidez que deja ver un sabor encorpado. Es tambi\u00e9n un poderoso aliado pa<\/p>\n","protected":false},"excerpt":{"rendered":"<p>Fruto de una exquisita combinaci\u00f3n de robustas de Camer\u00fan y Angola con ar\u00e1bicas de Honduras, Qalidus es un delicioso expresso con notas de caramelo, enriquecidas por una leve acidez que deja ver un sabor encorpado. Es tambi\u00e9n un poderoso aliado pa<\/p>\n","protected":false},"featured_media":16815,"comment_status":"open","ping_status":"closed","template":"","meta":[],"product_cat":[502],"product_tag":[],"class_list":["post-16816","product","type-product","status-publish","has-post-thumbnail","hentry","product_cat-cafeteras-electricas","thunk-woo-product-list","opn-qv-enable","top-store-woo-hover-","top-store-single-product-tab-horizontal","top-store-shadow-","top-store-shadow-hover-"],"_links":{"self":[{"href":"https:\/\/server.idssoft.net\/idsdemo\/wp-json\/wp\/v2\/product\/16816","targetHints":{"allow":["GET"]}}],"collection":[{"href":"https:\/\/server.idssoft.net\/idsdemo\/wp-json\/wp\/v2\/product"}],"about":[{"href":"https:\/\/server.idssoft.net\/idsdemo\/wp-json\/wp\/v2\/types\/product"}],"replies":[{"embeddable":true,"href":"https:\/\/server.idssoft.net\/idsdemo\/wp-json\/wp\/v2\/comments?post=16816"}],"wp:featuredmedia":[{"embeddable":true,"href":"https:\/\/server.idssoft.net\/idsdemo\/wp-json\/wp\/v2\/media\/16815"}],"wp:attachment":[{"href":"https:\/\/server.idssoft.net\/idsdemo\/wp-json\/wp\/v2\/media?parent=16816"}],"wp:term":[{"taxonomy":"product_cat","embeddable":true,"href":"https:\/\/server.idssoft.net\/idsdemo\/wp-json\/wp\/v2\/product_cat?post=16816"},{"taxonomy":"product_tag","embeddable":true,"href":"https:\/\/server.idssoft.net\/idsdemo\/wp-json\/wp\/v2\/product_tag?post=16816"}],"curies":[{"name":"wp","href":"https:\/\/api.w.org\/{rel}","templated":true}]}}