{"id":16823,"date":"2021-06-23T16:27:51","date_gmt":"2021-06-23T16:27:51","guid":{"rendered":"https:\/\/server.idssoft.net\/idsdemo\/producto\/microfono-usb-con-tripode-y-filtro-gxt-241-velisca-trust\/"},"modified":"2021-06-23T16:27:51","modified_gmt":"2021-06-23T16:27:51","slug":"microfono-usb-con-tripode-y-filtro-gxt-241-velisca-trust","status":"publish","type":"product","link":"https:\/\/server.idssoft.net\/idsdemo\/producto\/microfono-usb-con-tripode-y-filtro-gxt-241-velisca-trust\/","title":{"rendered":"MICROFONO USB CON TRIPODE Y FILTRO GXT 241 VELISCA TRUST"},"content":{"rendered":"<p>Caracter\u00edsticas<br \/>\u2022Micr\u00f3fono f\u00e1cil de usar que incluye tr\u00edpode y un filtro de rejilla<br \/>\u2022Conexi\u00f3n USB f\u00e1cil de usar; plug and play en cualquier PC o port\u00e1til<br \/>\u2022Reduce el ruido de fondo gracias al patr\u00f3n de grabaci\u00f3n cardioide&lt;<\/p>\n","protected":false},"excerpt":{"rendered":"<p>Caracter\u00edsticas\u2022Micr\u00f3fono f\u00e1cil de usar que incluye tr\u00edpode y un filtro de rejilla\u2022Conexi\u00f3n USB f\u00e1cil de usar; plug and play en cualquier PC o port\u00e1til\u2022Reduce el ruido de fondo gracias al patr\u00f3n de grabaci\u00f3n cardioide&lt;<\/p>\n","protected":false},"featured_media":16821,"comment_status":"open","ping_status":"closed","template":"","meta":[],"product_cat":[475],"product_tag":[],"class_list":["post-16823","product","type-product","status-publish","has-post-thumbnail","hentry","product_cat-microfonos","thunk-woo-product-list","opn-qv-enable","top-store-woo-hover-","top-store-single-product-tab-horizontal","top-store-shadow-","top-store-shadow-hover-"],"_links":{"self":[{"href":"https:\/\/server.idssoft.net\/idsdemo\/wp-json\/wp\/v2\/product\/16823","targetHints":{"allow":["GET"]}}],"collection":[{"href":"https:\/\/server.idssoft.net\/idsdemo\/wp-json\/wp\/v2\/product"}],"about":[{"href":"https:\/\/server.idssoft.net\/idsdemo\/wp-json\/wp\/v2\/types\/product"}],"replies":[{"embeddable":true,"href":"https:\/\/server.idssoft.net\/idsdemo\/wp-json\/wp\/v2\/comments?post=16823"}],"wp:featuredmedia":[{"embeddable":true,"href":"https:\/\/server.idssoft.net\/idsdemo\/wp-json\/wp\/v2\/media\/16821"}],"wp:attachment":[{"href":"https:\/\/server.idssoft.net\/idsdemo\/wp-json\/wp\/v2\/media?parent=16823"}],"wp:term":[{"taxonomy":"product_cat","embeddable":true,"href":"https:\/\/server.idssoft.net\/idsdemo\/wp-json\/wp\/v2\/product_cat?post=16823"},{"taxonomy":"product_tag","embeddable":true,"href":"https:\/\/server.idssoft.net\/idsdemo\/wp-json\/wp\/v2\/product_tag?post=16823"}],"curies":[{"name":"wp","href":"https:\/\/api.w.org\/{rel}","templated":true}]}}