{"id":16830,"date":"2021-06-23T16:28:06","date_gmt":"2021-06-23T16:28:06","guid":{"rendered":"https:\/\/server.idssoft.net\/idsdemo\/producto\/ventilador-nebulizador-de-pie-sfa7000-100w-3-modos-asp\/"},"modified":"2021-06-23T16:28:06","modified_gmt":"2021-06-23T16:28:06","slug":"ventilador-nebulizador-de-pie-sfa7000-100w-3-modos-asp","status":"publish","type":"product","link":"https:\/\/server.idssoft.net\/idsdemo\/producto\/ventilador-nebulizador-de-pie-sfa7000-100w-3-modos-asp\/","title":{"rendered":"VENTILADOR NEBULIZADOR DE PIE SFA7000 | 100W | 3 MODOS | ASP"},"content":{"rendered":"<p>&#8211; Ventilador Nebulizador\/humidificador<br \/>&#8211; Di\u00e1metro de las aspas de 40 cm<br \/>&#8211; Mando a distancia incorporado<br \/>&#8211; Panel de control con iluminaci\u00f3n LED<br \/>&#8211; 3 velocidades y 3 modos de ventilaci\u00f3n: Normal, Nature y &#8211; Sleep<br \/>&#8211; Capacidad d<\/p>\n","protected":false},"excerpt":{"rendered":"<p>&#8211; Ventilador Nebulizador\/humidificador&#8211; Di\u00e1metro de las aspas de 40 cm&#8211; Mando a distancia incorporado&#8211; Panel de control con iluminaci\u00f3n LED&#8211; 3 velocidades y 3 modos de ventilaci\u00f3n: Normal, Nature y &#8211; Sleep&#8211; Capacidad d<\/p>\n","protected":false},"featured_media":16828,"comment_status":"open","ping_status":"closed","template":"","meta":[],"product_cat":[497],"product_tag":[],"class_list":["post-16830","product","type-product","status-publish","has-post-thumbnail","hentry","product_cat-ventilacin","thunk-woo-product-list","opn-qv-enable","top-store-woo-hover-","top-store-single-product-tab-horizontal","top-store-shadow-","top-store-shadow-hover-"],"_links":{"self":[{"href":"https:\/\/server.idssoft.net\/idsdemo\/wp-json\/wp\/v2\/product\/16830","targetHints":{"allow":["GET"]}}],"collection":[{"href":"https:\/\/server.idssoft.net\/idsdemo\/wp-json\/wp\/v2\/product"}],"about":[{"href":"https:\/\/server.idssoft.net\/idsdemo\/wp-json\/wp\/v2\/types\/product"}],"replies":[{"embeddable":true,"href":"https:\/\/server.idssoft.net\/idsdemo\/wp-json\/wp\/v2\/comments?post=16830"}],"wp:featuredmedia":[{"embeddable":true,"href":"https:\/\/server.idssoft.net\/idsdemo\/wp-json\/wp\/v2\/media\/16828"}],"wp:attachment":[{"href":"https:\/\/server.idssoft.net\/idsdemo\/wp-json\/wp\/v2\/media?parent=16830"}],"wp:term":[{"taxonomy":"product_cat","embeddable":true,"href":"https:\/\/server.idssoft.net\/idsdemo\/wp-json\/wp\/v2\/product_cat?post=16830"},{"taxonomy":"product_tag","embeddable":true,"href":"https:\/\/server.idssoft.net\/idsdemo\/wp-json\/wp\/v2\/product_tag?post=16830"}],"curies":[{"name":"wp","href":"https:\/\/api.w.org\/{rel}","templated":true}]}}