{"id":16833,"date":"2021-06-23T16:28:12","date_gmt":"2021-06-23T16:28:12","guid":{"rendered":"https:\/\/server.idssoft.net\/idsdemo\/producto\/espejo-cosmetico-de-pared-doble-cara-17cm-esp-4000-orbegozo\/"},"modified":"2021-06-23T16:28:12","modified_gmt":"2021-06-23T16:28:12","slug":"espejo-cosmetico-de-pared-doble-cara-17cm-esp-4000-orbegozo","status":"publish","type":"product","link":"https:\/\/server.idssoft.net\/idsdemo\/producto\/espejo-cosmetico-de-pared-doble-cara-17cm-esp-4000-orbegozo\/","title":{"rendered":"ESPEJO COSMETICO DE PARED DOBLE CARA 17CM ESP 4000 ORBEGOZO"},"content":{"rendered":"<p>El m\u00e1s m\u00ednimo detalle puede captarse gracias al espejo cosm\u00e9tico ESP 4000 de Orbegozo. Maquillarse, afeitarse, depilarse las cejas\u2026 Adem\u00e1s, este espejo cosm\u00e9tico de doble cara es ideal para sesiones de maquillaje si queremos conseguir un result<\/p>\n","protected":false},"excerpt":{"rendered":"<p>El m\u00e1s m\u00ednimo detalle puede captarse gracias al espejo cosm\u00e9tico ESP 4000 de Orbegozo. Maquillarse, afeitarse, depilarse las cejas\u2026 Adem\u00e1s, este espejo cosm\u00e9tico de doble cara es ideal para sesiones de maquillaje si queremos conseguir un result<\/p>\n","protected":false},"featured_media":16831,"comment_status":"open","ping_status":"closed","template":"","meta":[],"product_cat":[556],"product_tag":[],"class_list":["post-16833","product","type-product","status-publish","has-post-thumbnail","hentry","product_cat-cuidado-de-la-piel","thunk-woo-product-list","opn-qv-enable","top-store-woo-hover-","top-store-single-product-tab-horizontal","top-store-shadow-","top-store-shadow-hover-"],"_links":{"self":[{"href":"https:\/\/server.idssoft.net\/idsdemo\/wp-json\/wp\/v2\/product\/16833","targetHints":{"allow":["GET"]}}],"collection":[{"href":"https:\/\/server.idssoft.net\/idsdemo\/wp-json\/wp\/v2\/product"}],"about":[{"href":"https:\/\/server.idssoft.net\/idsdemo\/wp-json\/wp\/v2\/types\/product"}],"replies":[{"embeddable":true,"href":"https:\/\/server.idssoft.net\/idsdemo\/wp-json\/wp\/v2\/comments?post=16833"}],"wp:featuredmedia":[{"embeddable":true,"href":"https:\/\/server.idssoft.net\/idsdemo\/wp-json\/wp\/v2\/media\/16831"}],"wp:attachment":[{"href":"https:\/\/server.idssoft.net\/idsdemo\/wp-json\/wp\/v2\/media?parent=16833"}],"wp:term":[{"taxonomy":"product_cat","embeddable":true,"href":"https:\/\/server.idssoft.net\/idsdemo\/wp-json\/wp\/v2\/product_cat?post=16833"},{"taxonomy":"product_tag","embeddable":true,"href":"https:\/\/server.idssoft.net\/idsdemo\/wp-json\/wp\/v2\/product_tag?post=16833"}],"curies":[{"name":"wp","href":"https:\/\/api.w.org\/{rel}","templated":true}]}}