{"id":16837,"date":"2021-06-23T16:28:28","date_gmt":"2021-06-23T16:28:28","guid":{"rendered":"https:\/\/server.idssoft.net\/idsdemo\/producto\/monitor-27-curvo-full-hd-1800r-4ms-c27f390fhr-samsung\/"},"modified":"2021-06-23T16:28:28","modified_gmt":"2021-06-23T16:28:28","slug":"monitor-27-curvo-full-hd-1800r-4ms-c27f390fhr-samsung","status":"publish","type":"product","link":"https:\/\/server.idssoft.net\/idsdemo\/producto\/monitor-27-curvo-full-hd-1800r-4ms-c27f390fhr-samsung\/","title":{"rendered":"MONITOR 27 CURVO FULL HD | 1800R | 4MS | C27F390FHR SAMSUNG"},"content":{"rendered":"<p>Curvatura de la pantalla 1800R<br \/>Relaci\u00f3n de aspecto 16:09<br \/>Brillo (t\u00edpico) 250 cd \/ ?<br \/>Relaci\u00f3n de contraste est\u00e1tico 3000: 1 (t\u00edpico)<br \/>Resoluci\u00f3n 1920 x 1080<br \/>Tiempo de respuesta 4 (GTG)<br \/>\u00c1ngulo de visi\u00f3n (H \/ V) 178 ?<\/p>\n","protected":false},"excerpt":{"rendered":"<p>Curvatura de la pantalla 1800RRelaci\u00f3n de aspecto 16:09Brillo (t\u00edpico) 250 cd \/ ?Relaci\u00f3n de contraste est\u00e1tico 3000: 1 (t\u00edpico)Resoluci\u00f3n 1920 x 1080Tiempo de respuesta 4 (GTG)\u00c1ngulo de visi\u00f3n (H \/ V) 178 ?<\/p>\n","protected":false},"featured_media":16836,"comment_status":"open","ping_status":"closed","template":"","meta":[],"product_cat":[453],"product_tag":[],"class_list":["post-16837","product","type-product","status-publish","has-post-thumbnail","hentry","product_cat-monitores","thunk-woo-product-list","opn-qv-enable","top-store-woo-hover-","top-store-single-product-tab-horizontal","top-store-shadow-","top-store-shadow-hover-"],"_links":{"self":[{"href":"https:\/\/server.idssoft.net\/idsdemo\/wp-json\/wp\/v2\/product\/16837","targetHints":{"allow":["GET"]}}],"collection":[{"href":"https:\/\/server.idssoft.net\/idsdemo\/wp-json\/wp\/v2\/product"}],"about":[{"href":"https:\/\/server.idssoft.net\/idsdemo\/wp-json\/wp\/v2\/types\/product"}],"replies":[{"embeddable":true,"href":"https:\/\/server.idssoft.net\/idsdemo\/wp-json\/wp\/v2\/comments?post=16837"}],"wp:featuredmedia":[{"embeddable":true,"href":"https:\/\/server.idssoft.net\/idsdemo\/wp-json\/wp\/v2\/media\/16836"}],"wp:attachment":[{"href":"https:\/\/server.idssoft.net\/idsdemo\/wp-json\/wp\/v2\/media?parent=16837"}],"wp:term":[{"taxonomy":"product_cat","embeddable":true,"href":"https:\/\/server.idssoft.net\/idsdemo\/wp-json\/wp\/v2\/product_cat?post=16837"},{"taxonomy":"product_tag","embeddable":true,"href":"https:\/\/server.idssoft.net\/idsdemo\/wp-json\/wp\/v2\/product_tag?post=16837"}],"curies":[{"name":"wp","href":"https:\/\/api.w.org\/{rel}","templated":true}]}}