{"id":16839,"date":"2021-06-23T16:28:33","date_gmt":"2021-06-23T16:28:33","guid":{"rendered":"https:\/\/server.idssoft.net\/idsdemo\/producto\/telefono-inalambrico-dect-blanco-d2501w-philips\/"},"modified":"2021-06-23T16:28:33","modified_gmt":"2021-06-23T16:28:33","slug":"telefono-inalambrico-dect-blanco-d2501w-philips","status":"publish","type":"product","link":"https:\/\/server.idssoft.net\/idsdemo\/producto\/telefono-inalambrico-dect-blanco-d2501w-philips\/","title":{"rendered":"TELEFONO INALAMBRICO DECT BLANCO D2501W PHILIPS"},"content":{"rendered":"<p>\u2022Manos libres<br \/>\u2022Bloqueo de llamada<br \/>\u2022Restricci\u00f3n del tel\u00e9fono para que no suene con n\u00fameros \u2022Indicador de intensidad de la se\u00f1al<br \/>\u2022Indicador de 3 barras<br \/>\u2022Indicador de nivel de la bater\u00eda<br \/>\u2022Icono de bater\u00eda de 3<\/p>\n","protected":false},"excerpt":{"rendered":"<p>\u2022Manos libres\u2022Bloqueo de llamada\u2022Restricci\u00f3n del tel\u00e9fono para que no suene con n\u00fameros \u2022Indicador de intensidad de la se\u00f1al\u2022Indicador de 3 barras\u2022Indicador de nivel de la bater\u00eda\u2022Icono de bater\u00eda de 3<\/p>\n","protected":false},"featured_media":16838,"comment_status":"open","ping_status":"closed","template":"","meta":[],"product_cat":[488],"product_tag":[],"class_list":["post-16839","product","type-product","status-publish","has-post-thumbnail","hentry","product_cat-telefonia-fija-inalmbrica","thunk-woo-product-list","opn-qv-enable","top-store-woo-hover-","top-store-single-product-tab-horizontal","top-store-shadow-","top-store-shadow-hover-"],"_links":{"self":[{"href":"https:\/\/server.idssoft.net\/idsdemo\/wp-json\/wp\/v2\/product\/16839","targetHints":{"allow":["GET"]}}],"collection":[{"href":"https:\/\/server.idssoft.net\/idsdemo\/wp-json\/wp\/v2\/product"}],"about":[{"href":"https:\/\/server.idssoft.net\/idsdemo\/wp-json\/wp\/v2\/types\/product"}],"replies":[{"embeddable":true,"href":"https:\/\/server.idssoft.net\/idsdemo\/wp-json\/wp\/v2\/comments?post=16839"}],"wp:featuredmedia":[{"embeddable":true,"href":"https:\/\/server.idssoft.net\/idsdemo\/wp-json\/wp\/v2\/media\/16838"}],"wp:attachment":[{"href":"https:\/\/server.idssoft.net\/idsdemo\/wp-json\/wp\/v2\/media?parent=16839"}],"wp:term":[{"taxonomy":"product_cat","embeddable":true,"href":"https:\/\/server.idssoft.net\/idsdemo\/wp-json\/wp\/v2\/product_cat?post=16839"},{"taxonomy":"product_tag","embeddable":true,"href":"https:\/\/server.idssoft.net\/idsdemo\/wp-json\/wp\/v2\/product_tag?post=16839"}],"curies":[{"name":"wp","href":"https:\/\/api.w.org\/{rel}","templated":true}]}}