{"id":16841,"date":"2021-06-23T16:28:38","date_gmt":"2021-06-23T16:28:38","guid":{"rendered":"https:\/\/server.idssoft.net\/idsdemo\/producto\/bidon-de-agua-con-grifo-10-litros-extra-fuerte-eda\/"},"modified":"2021-06-23T16:28:38","modified_gmt":"2021-06-23T16:28:38","slug":"bidon-de-agua-con-grifo-10-litros-extra-fuerte-eda","status":"publish","type":"product","link":"https:\/\/server.idssoft.net\/idsdemo\/producto\/bidon-de-agua-con-grifo-10-litros-extra-fuerte-eda\/","title":{"rendered":"BIDON DE AGUA CON GRIFO 10 LITROS EXTRA FUERTE EDA"},"content":{"rendered":"<p>\u2022Bid\u00f3n extra fuerte para almacenar y transportar agua, con tap\u00f3n a rosca y grifo<\/p>\n<p>\u2022Dispone de asa para transportar f\u00e1cilmente. &#8211; Se llena f\u00e1cilmente por la parte superior y se extrae el l\u00edquido de una forma muy c\u00f3moda gracias al grifo&lt;<\/p>\n","protected":false},"excerpt":{"rendered":"<p>\u2022Bid\u00f3n extra fuerte para almacenar y transportar agua, con tap\u00f3n a rosca y grifo \u2022Dispone de asa para transportar f\u00e1cilmente. &#8211; Se llena f\u00e1cilmente por la parte superior y se extrae el l\u00edquido de una forma muy c\u00f3moda gracias al grifo&lt;<\/p>\n","protected":false},"featured_media":16840,"comment_status":"open","ping_status":"closed","template":"","meta":[],"product_cat":[516],"product_tag":[],"class_list":["post-16841","product","type-product","status-publish","has-post-thumbnail","hentry","product_cat-botellas-y-recipientes","thunk-woo-product-list","opn-qv-enable","top-store-woo-hover-","top-store-single-product-tab-horizontal","top-store-shadow-","top-store-shadow-hover-"],"_links":{"self":[{"href":"https:\/\/server.idssoft.net\/idsdemo\/wp-json\/wp\/v2\/product\/16841","targetHints":{"allow":["GET"]}}],"collection":[{"href":"https:\/\/server.idssoft.net\/idsdemo\/wp-json\/wp\/v2\/product"}],"about":[{"href":"https:\/\/server.idssoft.net\/idsdemo\/wp-json\/wp\/v2\/types\/product"}],"replies":[{"embeddable":true,"href":"https:\/\/server.idssoft.net\/idsdemo\/wp-json\/wp\/v2\/comments?post=16841"}],"wp:featuredmedia":[{"embeddable":true,"href":"https:\/\/server.idssoft.net\/idsdemo\/wp-json\/wp\/v2\/media\/16840"}],"wp:attachment":[{"href":"https:\/\/server.idssoft.net\/idsdemo\/wp-json\/wp\/v2\/media?parent=16841"}],"wp:term":[{"taxonomy":"product_cat","embeddable":true,"href":"https:\/\/server.idssoft.net\/idsdemo\/wp-json\/wp\/v2\/product_cat?post=16841"},{"taxonomy":"product_tag","embeddable":true,"href":"https:\/\/server.idssoft.net\/idsdemo\/wp-json\/wp\/v2\/product_tag?post=16841"}],"curies":[{"name":"wp","href":"https:\/\/api.w.org\/{rel}","templated":true}]}}