{"id":16986,"date":"2021-06-23T16:34:56","date_gmt":"2021-06-23T16:34:56","guid":{"rendered":"https:\/\/server.idssoft.net\/idsdemo\/producto\/sarten-esmaltada-qt863-20cm-avin-quttin\/"},"modified":"2021-06-23T16:34:56","modified_gmt":"2021-06-23T16:34:56","slug":"sarten-esmaltada-qt863-20cm-avin-quttin","status":"publish","type":"product","link":"https:\/\/server.idssoft.net\/idsdemo\/producto\/sarten-esmaltada-qt863-20cm-avin-quttin\/","title":{"rendered":"SARTEN ESMALTADA QT863 20CM AVIN QUTTIN"},"content":{"rendered":"<p>\u2022Color: Negro<br \/>\u2022Material: Acero esmaltado vitrificado<br \/>\u2022Tipo: Antiadherente<br \/>\u2022Libre de PFOA<br \/>\u2022Apto para todo tipo de cocinas (el\u00e9ctricas, gas, vitrocer\u00e1mica o inducci\u00f3n)<br \/>\u2022Mango Ergon\u00f3mico<br \/>\u2022Apto para lavavaji<\/p>\n","protected":false},"excerpt":{"rendered":"<p>\u2022Color: Negro\u2022Material: Acero esmaltado vitrificado\u2022Tipo: Antiadherente\u2022Libre de PFOA\u2022Apto para todo tipo de cocinas (el\u00e9ctricas, gas, vitrocer\u00e1mica o inducci\u00f3n)\u2022Mango Ergon\u00f3mico\u2022Apto para lavavaji<\/p>\n","protected":false},"featured_media":16985,"comment_status":"open","ping_status":"closed","template":"","meta":[],"product_cat":[526],"product_tag":[],"class_list":["post-16986","product","type-product","status-publish","has-post-thumbnail","hentry","product_cat-sartenes","thunk-woo-product-list","opn-qv-enable","top-store-woo-hover-","top-store-single-product-tab-horizontal","top-store-shadow-","top-store-shadow-hover-"],"_links":{"self":[{"href":"https:\/\/server.idssoft.net\/idsdemo\/wp-json\/wp\/v2\/product\/16986","targetHints":{"allow":["GET"]}}],"collection":[{"href":"https:\/\/server.idssoft.net\/idsdemo\/wp-json\/wp\/v2\/product"}],"about":[{"href":"https:\/\/server.idssoft.net\/idsdemo\/wp-json\/wp\/v2\/types\/product"}],"replies":[{"embeddable":true,"href":"https:\/\/server.idssoft.net\/idsdemo\/wp-json\/wp\/v2\/comments?post=16986"}],"wp:featuredmedia":[{"embeddable":true,"href":"https:\/\/server.idssoft.net\/idsdemo\/wp-json\/wp\/v2\/media\/16985"}],"wp:attachment":[{"href":"https:\/\/server.idssoft.net\/idsdemo\/wp-json\/wp\/v2\/media?parent=16986"}],"wp:term":[{"taxonomy":"product_cat","embeddable":true,"href":"https:\/\/server.idssoft.net\/idsdemo\/wp-json\/wp\/v2\/product_cat?post=16986"},{"taxonomy":"product_tag","embeddable":true,"href":"https:\/\/server.idssoft.net\/idsdemo\/wp-json\/wp\/v2\/product_tag?post=16986"}],"curies":[{"name":"wp","href":"https:\/\/api.w.org\/{rel}","templated":true}]}}