{"id":17042,"date":"2021-06-23T16:37:21","date_gmt":"2021-06-23T16:37:21","guid":{"rendered":"https:\/\/server.idssoft.net\/idsdemo\/producto\/vajilla-blanca-redonda-18-piezas-yon\/"},"modified":"2021-06-23T16:37:21","modified_gmt":"2021-06-23T16:37:21","slug":"vajilla-blanca-redonda-18-piezas-yon","status":"publish","type":"product","link":"https:\/\/server.idssoft.net\/idsdemo\/producto\/vajilla-blanca-redonda-18-piezas-yon\/","title":{"rendered":"VAJILLA BLANCA REDONDA 18 PIEZAS YON"},"content":{"rendered":"<p>Piezas: 18 Piezas<br \/>Color: Blanco<br \/>Estilo: Redondo<\/p>\n<p>Plato Llano x 6 (\u00d8 24 cm)<br \/>Plato Hondo x 6 (\u00d8 21,5 cm)<br \/>Plato de Postre x 6 (\u00d8 19 cm)<\/p>\n","protected":false},"excerpt":{"rendered":"<p>Piezas: 18 PiezasColor: BlancoEstilo: Redondo Plato Llano x 6 (\u00d8 24 cm)Plato Hondo x 6 (\u00d8 21,5 cm)Plato de Postre x 6 (\u00d8 19 cm)<\/p>\n","protected":false},"featured_media":17041,"comment_status":"open","ping_status":"closed","template":"","meta":[],"product_cat":[580],"product_tag":[],"class_list":["post-17042","product","type-product","status-publish","has-post-thumbnail","hentry","product_cat-vajilla","thunk-woo-product-list","opn-qv-enable","top-store-woo-hover-","top-store-single-product-tab-horizontal","top-store-shadow-","top-store-shadow-hover-"],"_links":{"self":[{"href":"https:\/\/server.idssoft.net\/idsdemo\/wp-json\/wp\/v2\/product\/17042","targetHints":{"allow":["GET"]}}],"collection":[{"href":"https:\/\/server.idssoft.net\/idsdemo\/wp-json\/wp\/v2\/product"}],"about":[{"href":"https:\/\/server.idssoft.net\/idsdemo\/wp-json\/wp\/v2\/types\/product"}],"replies":[{"embeddable":true,"href":"https:\/\/server.idssoft.net\/idsdemo\/wp-json\/wp\/v2\/comments?post=17042"}],"wp:featuredmedia":[{"embeddable":true,"href":"https:\/\/server.idssoft.net\/idsdemo\/wp-json\/wp\/v2\/media\/17041"}],"wp:attachment":[{"href":"https:\/\/server.idssoft.net\/idsdemo\/wp-json\/wp\/v2\/media?parent=17042"}],"wp:term":[{"taxonomy":"product_cat","embeddable":true,"href":"https:\/\/server.idssoft.net\/idsdemo\/wp-json\/wp\/v2\/product_cat?post=17042"},{"taxonomy":"product_tag","embeddable":true,"href":"https:\/\/server.idssoft.net\/idsdemo\/wp-json\/wp\/v2\/product_tag?post=17042"}],"curies":[{"name":"wp","href":"https:\/\/api.w.org\/{rel}","templated":true}]}}