{"id":17044,"date":"2021-06-23T16:37:27","date_gmt":"2021-06-23T16:37:27","guid":{"rendered":"https:\/\/server.idssoft.net\/idsdemo\/producto\/vajilla-redonda-18-piezas-chapel\/"},"modified":"2021-06-23T16:37:27","modified_gmt":"2021-06-23T16:37:27","slug":"vajilla-redonda-18-piezas-chapel","status":"publish","type":"product","link":"https:\/\/server.idssoft.net\/idsdemo\/producto\/vajilla-redonda-18-piezas-chapel\/","title":{"rendered":"VAJILLA REDONDA 18 PIEZAS CHAPEL"},"content":{"rendered":"<p>Vajilla Chapel (18 Piezas) <br \/>Plato Llano: \u00d8 24 cm<br \/>Plato de Postre: \u00d8 19 cm<br \/>Plato Hondo: \u00f8 21,5 cm<\/p>\n","protected":false},"excerpt":{"rendered":"<p>Vajilla Chapel (18 Piezas) Plato Llano: \u00d8 24 cmPlato de Postre: \u00d8 19 cmPlato Hondo: \u00f8 21,5 cm<\/p>\n","protected":false},"featured_media":17043,"comment_status":"open","ping_status":"closed","template":"","meta":[],"product_cat":[580],"product_tag":[],"class_list":["post-17044","product","type-product","status-publish","has-post-thumbnail","hentry","product_cat-vajilla","thunk-woo-product-list","opn-qv-enable","top-store-woo-hover-","top-store-single-product-tab-horizontal","top-store-shadow-","top-store-shadow-hover-"],"_links":{"self":[{"href":"https:\/\/server.idssoft.net\/idsdemo\/wp-json\/wp\/v2\/product\/17044","targetHints":{"allow":["GET"]}}],"collection":[{"href":"https:\/\/server.idssoft.net\/idsdemo\/wp-json\/wp\/v2\/product"}],"about":[{"href":"https:\/\/server.idssoft.net\/idsdemo\/wp-json\/wp\/v2\/types\/product"}],"replies":[{"embeddable":true,"href":"https:\/\/server.idssoft.net\/idsdemo\/wp-json\/wp\/v2\/comments?post=17044"}],"wp:featuredmedia":[{"embeddable":true,"href":"https:\/\/server.idssoft.net\/idsdemo\/wp-json\/wp\/v2\/media\/17043"}],"wp:attachment":[{"href":"https:\/\/server.idssoft.net\/idsdemo\/wp-json\/wp\/v2\/media?parent=17044"}],"wp:term":[{"taxonomy":"product_cat","embeddable":true,"href":"https:\/\/server.idssoft.net\/idsdemo\/wp-json\/wp\/v2\/product_cat?post=17044"},{"taxonomy":"product_tag","embeddable":true,"href":"https:\/\/server.idssoft.net\/idsdemo\/wp-json\/wp\/v2\/product_tag?post=17044"}],"curies":[{"name":"wp","href":"https:\/\/api.w.org\/{rel}","templated":true}]}}