{"id":17202,"date":"2021-06-23T16:44:01","date_gmt":"2021-06-23T16:44:01","guid":{"rendered":"https:\/\/server.idssoft.net\/idsdemo\/producto\/cuenco-bowl-bali-14cm-blanco-blim\/"},"modified":"2021-06-23T16:44:01","modified_gmt":"2021-06-23T16:44:01","slug":"cuenco-bowl-bali-14cm-blanco-blim","status":"publish","type":"product","link":"https:\/\/server.idssoft.net\/idsdemo\/producto\/cuenco-bowl-bali-14cm-blanco-blim\/","title":{"rendered":"CUENCO BOWL BALI 14CM BLANCO BLIM"},"content":{"rendered":"<p>&#8211; Con una forma inusual y actual, un cuenco extremadamente vers\u00e1til seg\u00fan el tama\u00f1o, ideal para amenizar tus preparaciones y servir con un toque de estilo.<br \/>&#8211; Dimensiones: 14cm di\u00e1metro x 6cm altura<\/p>\n","protected":false},"excerpt":{"rendered":"<p>&#8211; Con una forma inusual y actual, un cuenco extremadamente vers\u00e1til seg\u00fan el tama\u00f1o, ideal para amenizar tus preparaciones y servir con un toque de estilo.&#8211; Dimensiones: 14cm di\u00e1metro x 6cm altura<\/p>\n","protected":false},"featured_media":17201,"comment_status":"open","ping_status":"closed","template":"","meta":[],"product_cat":[579],"product_tag":[],"class_list":["post-17202","product","type-product","status-publish","has-post-thumbnail","hentry","product_cat-plasticos-alta-calidad","thunk-woo-product-list","opn-qv-enable","top-store-woo-hover-","top-store-single-product-tab-horizontal","top-store-shadow-","top-store-shadow-hover-"],"_links":{"self":[{"href":"https:\/\/server.idssoft.net\/idsdemo\/wp-json\/wp\/v2\/product\/17202","targetHints":{"allow":["GET"]}}],"collection":[{"href":"https:\/\/server.idssoft.net\/idsdemo\/wp-json\/wp\/v2\/product"}],"about":[{"href":"https:\/\/server.idssoft.net\/idsdemo\/wp-json\/wp\/v2\/types\/product"}],"replies":[{"embeddable":true,"href":"https:\/\/server.idssoft.net\/idsdemo\/wp-json\/wp\/v2\/comments?post=17202"}],"wp:featuredmedia":[{"embeddable":true,"href":"https:\/\/server.idssoft.net\/idsdemo\/wp-json\/wp\/v2\/media\/17201"}],"wp:attachment":[{"href":"https:\/\/server.idssoft.net\/idsdemo\/wp-json\/wp\/v2\/media?parent=17202"}],"wp:term":[{"taxonomy":"product_cat","embeddable":true,"href":"https:\/\/server.idssoft.net\/idsdemo\/wp-json\/wp\/v2\/product_cat?post=17202"},{"taxonomy":"product_tag","embeddable":true,"href":"https:\/\/server.idssoft.net\/idsdemo\/wp-json\/wp\/v2\/product_tag?post=17202"}],"curies":[{"name":"wp","href":"https:\/\/api.w.org\/{rel}","templated":true}]}}