{"id":17208,"date":"2021-06-23T16:44:16","date_gmt":"2021-06-23T16:44:16","guid":{"rendered":"https:\/\/server.idssoft.net\/idsdemo\/producto\/escurridor-de-cubiertos-azul-13x12cm-blim\/"},"modified":"2021-06-23T16:44:16","modified_gmt":"2021-06-23T16:44:16","slug":"escurridor-de-cubiertos-azul-13x12cm-blim","status":"publish","type":"product","link":"https:\/\/server.idssoft.net\/idsdemo\/producto\/escurridor-de-cubiertos-azul-13x12cm-blim\/","title":{"rendered":"ESCURRIDOR DE CUBIERTOS AZUL 13X12CM BLIM"},"content":{"rendered":"<p>&#8211; Forma redonda en pl\u00e1stico de colores, con posibilidad de quitar la copa central. <br \/>&#8211; Capacidad m\u00e1xima en espacio m\u00ednimo.<br \/>&#8211; Dimensiones: 13 cm de di\u00e1metro x 12cm<\/p>\n","protected":false},"excerpt":{"rendered":"<p>&#8211; Forma redonda en pl\u00e1stico de colores, con posibilidad de quitar la copa central. &#8211; Capacidad m\u00e1xima en espacio m\u00ednimo.&#8211; Dimensiones: 13 cm de di\u00e1metro x 12cm<\/p>\n","protected":false},"featured_media":17207,"comment_status":"open","ping_status":"closed","template":"","meta":[],"product_cat":[579],"product_tag":[],"class_list":["post-17208","product","type-product","status-publish","has-post-thumbnail","hentry","product_cat-plasticos-alta-calidad","thunk-woo-product-list","opn-qv-enable","top-store-woo-hover-","top-store-single-product-tab-horizontal","top-store-shadow-","top-store-shadow-hover-"],"_links":{"self":[{"href":"https:\/\/server.idssoft.net\/idsdemo\/wp-json\/wp\/v2\/product\/17208","targetHints":{"allow":["GET"]}}],"collection":[{"href":"https:\/\/server.idssoft.net\/idsdemo\/wp-json\/wp\/v2\/product"}],"about":[{"href":"https:\/\/server.idssoft.net\/idsdemo\/wp-json\/wp\/v2\/types\/product"}],"replies":[{"embeddable":true,"href":"https:\/\/server.idssoft.net\/idsdemo\/wp-json\/wp\/v2\/comments?post=17208"}],"wp:featuredmedia":[{"embeddable":true,"href":"https:\/\/server.idssoft.net\/idsdemo\/wp-json\/wp\/v2\/media\/17207"}],"wp:attachment":[{"href":"https:\/\/server.idssoft.net\/idsdemo\/wp-json\/wp\/v2\/media?parent=17208"}],"wp:term":[{"taxonomy":"product_cat","embeddable":true,"href":"https:\/\/server.idssoft.net\/idsdemo\/wp-json\/wp\/v2\/product_cat?post=17208"},{"taxonomy":"product_tag","embeddable":true,"href":"https:\/\/server.idssoft.net\/idsdemo\/wp-json\/wp\/v2\/product_tag?post=17208"}],"curies":[{"name":"wp","href":"https:\/\/api.w.org\/{rel}","templated":true}]}}