{"id":17234,"date":"2021-06-23T16:45:26","date_gmt":"2021-06-23T16:45:26","guid":{"rendered":"https:\/\/server.idssoft.net\/idsdemo\/producto\/rallador-con-cajon-acero-inox-rojo-blim\/"},"modified":"2021-06-23T16:45:26","modified_gmt":"2021-06-23T16:45:26","slug":"rallador-con-cajon-acero-inox-rojo-blim","status":"publish","type":"product","link":"https:\/\/server.idssoft.net\/idsdemo\/producto\/rallador-con-cajon-acero-inox-rojo-blim\/","title":{"rendered":"RALLADOR CON CAJ\u00d3N ACERO INOX ROJO BLIM"},"content":{"rendered":"<p>&#8211; Rallador, de l\u00edneas pr\u00e1cticas y elegantes, ergon\u00f3mico, fabricado en pl\u00e1stico resistente y acero inoxidable. <br \/>&#8211; El pr\u00e1ctico caj\u00f3n extra\u00edble le permite recoger y almacenar queso reci\u00e9n rallado.<br \/>&#8211; Dimensiones: 24x13x7cm<\/p>\n","protected":false},"excerpt":{"rendered":"<p>&#8211; Rallador, de l\u00edneas pr\u00e1cticas y elegantes, ergon\u00f3mico, fabricado en pl\u00e1stico resistente y acero inoxidable. &#8211; El pr\u00e1ctico caj\u00f3n extra\u00edble le permite recoger y almacenar queso reci\u00e9n rallado.&#8211; Dimensiones: 24x13x7cm<\/p>\n","protected":false},"featured_media":17233,"comment_status":"open","ping_status":"closed","template":"","meta":[],"product_cat":[530],"product_tag":[],"class_list":["post-17234","product","type-product","status-publish","has-post-thumbnail","hentry","product_cat-utensilios-cocina","thunk-woo-product-list","opn-qv-enable","top-store-woo-hover-","top-store-single-product-tab-horizontal","top-store-shadow-","top-store-shadow-hover-"],"_links":{"self":[{"href":"https:\/\/server.idssoft.net\/idsdemo\/wp-json\/wp\/v2\/product\/17234","targetHints":{"allow":["GET"]}}],"collection":[{"href":"https:\/\/server.idssoft.net\/idsdemo\/wp-json\/wp\/v2\/product"}],"about":[{"href":"https:\/\/server.idssoft.net\/idsdemo\/wp-json\/wp\/v2\/types\/product"}],"replies":[{"embeddable":true,"href":"https:\/\/server.idssoft.net\/idsdemo\/wp-json\/wp\/v2\/comments?post=17234"}],"wp:featuredmedia":[{"embeddable":true,"href":"https:\/\/server.idssoft.net\/idsdemo\/wp-json\/wp\/v2\/media\/17233"}],"wp:attachment":[{"href":"https:\/\/server.idssoft.net\/idsdemo\/wp-json\/wp\/v2\/media?parent=17234"}],"wp:term":[{"taxonomy":"product_cat","embeddable":true,"href":"https:\/\/server.idssoft.net\/idsdemo\/wp-json\/wp\/v2\/product_cat?post=17234"},{"taxonomy":"product_tag","embeddable":true,"href":"https:\/\/server.idssoft.net\/idsdemo\/wp-json\/wp\/v2\/product_tag?post=17234"}],"curies":[{"name":"wp","href":"https:\/\/api.w.org\/{rel}","templated":true}]}}