{"id":17256,"date":"2021-06-23T16:46:24","date_gmt":"2021-06-23T16:46:24","guid":{"rendered":"https:\/\/server.idssoft.net\/idsdemo\/producto\/jarra-graduada-1-5-litros-blim\/"},"modified":"2021-06-23T16:46:24","modified_gmt":"2021-06-23T16:46:24","slug":"jarra-graduada-1-5-litros-blim","status":"publish","type":"product","link":"https:\/\/server.idssoft.net\/idsdemo\/producto\/jarra-graduada-1-5-litros-blim\/","title":{"rendered":"JARRA GRADUADA 1.5 LITROS BLIM"},"content":{"rendered":"<p>&#8211; Pr\u00e1ctico recipiente de jarra, ideal para dosificar con precisi\u00f3n l\u00edquidos y sustancias disueltas gracias a la escala de medici\u00f3n en los laterales.<br \/>&#8211; Dimensiones: 13x15cm<br \/>&#8211; Capacidad: 1.5 Litros<\/p>\n","protected":false},"excerpt":{"rendered":"<p>&#8211; Pr\u00e1ctico recipiente de jarra, ideal para dosificar con precisi\u00f3n l\u00edquidos y sustancias disueltas gracias a la escala de medici\u00f3n en los laterales.&#8211; Dimensiones: 13x15cm&#8211; Capacidad: 1.5 Litros<\/p>\n","protected":false},"featured_media":17255,"comment_status":"open","ping_status":"closed","template":"","meta":[],"product_cat":[579],"product_tag":[],"class_list":["post-17256","product","type-product","status-publish","has-post-thumbnail","hentry","product_cat-plasticos-alta-calidad","thunk-woo-product-list","opn-qv-enable","top-store-woo-hover-","top-store-single-product-tab-horizontal","top-store-shadow-","top-store-shadow-hover-"],"_links":{"self":[{"href":"https:\/\/server.idssoft.net\/idsdemo\/wp-json\/wp\/v2\/product\/17256","targetHints":{"allow":["GET"]}}],"collection":[{"href":"https:\/\/server.idssoft.net\/idsdemo\/wp-json\/wp\/v2\/product"}],"about":[{"href":"https:\/\/server.idssoft.net\/idsdemo\/wp-json\/wp\/v2\/types\/product"}],"replies":[{"embeddable":true,"href":"https:\/\/server.idssoft.net\/idsdemo\/wp-json\/wp\/v2\/comments?post=17256"}],"wp:featuredmedia":[{"embeddable":true,"href":"https:\/\/server.idssoft.net\/idsdemo\/wp-json\/wp\/v2\/media\/17255"}],"wp:attachment":[{"href":"https:\/\/server.idssoft.net\/idsdemo\/wp-json\/wp\/v2\/media?parent=17256"}],"wp:term":[{"taxonomy":"product_cat","embeddable":true,"href":"https:\/\/server.idssoft.net\/idsdemo\/wp-json\/wp\/v2\/product_cat?post=17256"},{"taxonomy":"product_tag","embeddable":true,"href":"https:\/\/server.idssoft.net\/idsdemo\/wp-json\/wp\/v2\/product_tag?post=17256"}],"curies":[{"name":"wp","href":"https:\/\/api.w.org\/{rel}","templated":true}]}}