{"id":17286,"date":"2021-06-23T16:47:41","date_gmt":"2021-06-23T16:47:41","guid":{"rendered":"https:\/\/server.idssoft.net\/idsdemo\/producto\/papelera-con-pedal-15-litros-tortora-blim\/"},"modified":"2021-06-23T16:47:41","modified_gmt":"2021-06-23T16:47:41","slug":"papelera-con-pedal-15-litros-tortora-blim","status":"publish","type":"product","link":"https:\/\/server.idssoft.net\/idsdemo\/producto\/papelera-con-pedal-15-litros-tortora-blim\/","title":{"rendered":"PAPELERA CON PEDAL 15 LITROS TORTORA BLIM"},"content":{"rendered":"<p>&#8211; Papelera con c\u00f3modo pedal, f\u00e1cil de vaciar y limpiar. Su reducido tama\u00f1o lo hace ideal para la cocina o el ba\u00f1o.<br \/>&#8211; Dimensiones: 26X32X36cm<br \/>&#8211; Capacidad: 15 litros<\/p>\n","protected":false},"excerpt":{"rendered":"<p>&#8211; Papelera con c\u00f3modo pedal, f\u00e1cil de vaciar y limpiar. Su reducido tama\u00f1o lo hace ideal para la cocina o el ba\u00f1o.&#8211; Dimensiones: 26X32X36cm&#8211; Capacidad: 15 litros<\/p>\n","protected":false},"featured_media":17285,"comment_status":"open","ping_status":"closed","template":"","meta":[],"product_cat":[544],"product_tag":[],"class_list":["post-17286","product","type-product","status-publish","has-post-thumbnail","hentry","product_cat-papeleras","thunk-woo-product-list","opn-qv-enable","top-store-woo-hover-","top-store-single-product-tab-horizontal","top-store-shadow-","top-store-shadow-hover-"],"_links":{"self":[{"href":"https:\/\/server.idssoft.net\/idsdemo\/wp-json\/wp\/v2\/product\/17286","targetHints":{"allow":["GET"]}}],"collection":[{"href":"https:\/\/server.idssoft.net\/idsdemo\/wp-json\/wp\/v2\/product"}],"about":[{"href":"https:\/\/server.idssoft.net\/idsdemo\/wp-json\/wp\/v2\/types\/product"}],"replies":[{"embeddable":true,"href":"https:\/\/server.idssoft.net\/idsdemo\/wp-json\/wp\/v2\/comments?post=17286"}],"wp:featuredmedia":[{"embeddable":true,"href":"https:\/\/server.idssoft.net\/idsdemo\/wp-json\/wp\/v2\/media\/17285"}],"wp:attachment":[{"href":"https:\/\/server.idssoft.net\/idsdemo\/wp-json\/wp\/v2\/media?parent=17286"}],"wp:term":[{"taxonomy":"product_cat","embeddable":true,"href":"https:\/\/server.idssoft.net\/idsdemo\/wp-json\/wp\/v2\/product_cat?post=17286"},{"taxonomy":"product_tag","embeddable":true,"href":"https:\/\/server.idssoft.net\/idsdemo\/wp-json\/wp\/v2\/product_tag?post=17286"}],"curies":[{"name":"wp","href":"https:\/\/api.w.org\/{rel}","templated":true}]}}