{"id":17298,"date":"2021-06-23T16:48:11","date_gmt":"2021-06-23T16:48:11","guid":{"rendered":"https:\/\/server.idssoft.net\/idsdemo\/producto\/escobillero-lineal-permite-instalacion-a-pared-blanco-blim\/"},"modified":"2021-06-23T16:48:11","modified_gmt":"2021-06-23T16:48:11","slug":"escobillero-lineal-permite-instalacion-a-pared-blanco-blim","status":"publish","type":"product","link":"https:\/\/server.idssoft.net\/idsdemo\/producto\/escobillero-lineal-permite-instalacion-a-pared-blanco-blim\/","title":{"rendered":"ESCOBILLERO LINEAL PERMITE INSTALACI\u00d3N A PARED BLANCO BLIM"},"content":{"rendered":"<p>&#8211; Escobillero sencillo y lineal, apto para ba\u00f1os de cualquier estilo y decoraci\u00f3n. <br \/>&#8211; Predisposici\u00f3n para posible fijaci\u00f3n a pared con tornillos.<br \/>&#8211; Dimensiones: 12x12x35cm<\/p>\n","protected":false},"excerpt":{"rendered":"<p>&#8211; Escobillero sencillo y lineal, apto para ba\u00f1os de cualquier estilo y decoraci\u00f3n. &#8211; Predisposici\u00f3n para posible fijaci\u00f3n a pared con tornillos.&#8211; Dimensiones: 12x12x35cm<\/p>\n","protected":false},"featured_media":17297,"comment_status":"open","ping_status":"closed","template":"","meta":[],"product_cat":[552],"product_tag":[],"class_list":["post-17298","product","type-product","status-publish","has-post-thumbnail","hentry","product_cat-especial-baos","thunk-woo-product-list","opn-qv-enable","top-store-woo-hover-","top-store-single-product-tab-horizontal","top-store-shadow-","top-store-shadow-hover-"],"_links":{"self":[{"href":"https:\/\/server.idssoft.net\/idsdemo\/wp-json\/wp\/v2\/product\/17298","targetHints":{"allow":["GET"]}}],"collection":[{"href":"https:\/\/server.idssoft.net\/idsdemo\/wp-json\/wp\/v2\/product"}],"about":[{"href":"https:\/\/server.idssoft.net\/idsdemo\/wp-json\/wp\/v2\/types\/product"}],"replies":[{"embeddable":true,"href":"https:\/\/server.idssoft.net\/idsdemo\/wp-json\/wp\/v2\/comments?post=17298"}],"wp:featuredmedia":[{"embeddable":true,"href":"https:\/\/server.idssoft.net\/idsdemo\/wp-json\/wp\/v2\/media\/17297"}],"wp:attachment":[{"href":"https:\/\/server.idssoft.net\/idsdemo\/wp-json\/wp\/v2\/media?parent=17298"}],"wp:term":[{"taxonomy":"product_cat","embeddable":true,"href":"https:\/\/server.idssoft.net\/idsdemo\/wp-json\/wp\/v2\/product_cat?post=17298"},{"taxonomy":"product_tag","embeddable":true,"href":"https:\/\/server.idssoft.net\/idsdemo\/wp-json\/wp\/v2\/product_tag?post=17298"}],"curies":[{"name":"wp","href":"https:\/\/api.w.org\/{rel}","templated":true}]}}