{"id":17300,"date":"2021-06-23T16:48:17","date_gmt":"2021-06-23T16:48:17","guid":{"rendered":"https:\/\/server.idssoft.net\/idsdemo\/producto\/conjunto-de-ducha-dos-estantes-tortora-blim\/"},"modified":"2021-06-23T16:48:17","modified_gmt":"2021-06-23T16:48:17","slug":"conjunto-de-ducha-dos-estantes-tortora-blim","status":"publish","type":"product","link":"https:\/\/server.idssoft.net\/idsdemo\/producto\/conjunto-de-ducha-dos-estantes-tortora-blim\/","title":{"rendered":"CONJUNTO DE DUCHA DOS ESTANTES TORTORA BLIM"},"content":{"rendered":"<p>&#8211; Un estante de ducha c\u00f3modo y funcional con dos estantes de almacenamiento, donde puedes colocar los frascos de jab\u00f3n y champ\u00fa sin tener que colocarlos en el suelo o en el borde de la ba\u00f1era.<br \/>&#8211; Dimensiones: 18.5&#215;10.5x46cm<br \/>&#8211; 2 estantes&lt;\/<\/p>\n","protected":false},"excerpt":{"rendered":"<p>&#8211; Un estante de ducha c\u00f3modo y funcional con dos estantes de almacenamiento, donde puedes colocar los frascos de jab\u00f3n y champ\u00fa sin tener que colocarlos en el suelo o en el borde de la ba\u00f1era.&#8211; Dimensiones: 18.5&#215;10.5x46cm&#8211; 2 estantes&lt;\/<\/p>\n","protected":false},"featured_media":17299,"comment_status":"open","ping_status":"closed","template":"","meta":[],"product_cat":[552],"product_tag":[],"class_list":["post-17300","product","type-product","status-publish","has-post-thumbnail","hentry","product_cat-especial-baos","thunk-woo-product-list","opn-qv-enable","top-store-woo-hover-","top-store-single-product-tab-horizontal","top-store-shadow-","top-store-shadow-hover-"],"_links":{"self":[{"href":"https:\/\/server.idssoft.net\/idsdemo\/wp-json\/wp\/v2\/product\/17300","targetHints":{"allow":["GET"]}}],"collection":[{"href":"https:\/\/server.idssoft.net\/idsdemo\/wp-json\/wp\/v2\/product"}],"about":[{"href":"https:\/\/server.idssoft.net\/idsdemo\/wp-json\/wp\/v2\/types\/product"}],"replies":[{"embeddable":true,"href":"https:\/\/server.idssoft.net\/idsdemo\/wp-json\/wp\/v2\/comments?post=17300"}],"wp:featuredmedia":[{"embeddable":true,"href":"https:\/\/server.idssoft.net\/idsdemo\/wp-json\/wp\/v2\/media\/17299"}],"wp:attachment":[{"href":"https:\/\/server.idssoft.net\/idsdemo\/wp-json\/wp\/v2\/media?parent=17300"}],"wp:term":[{"taxonomy":"product_cat","embeddable":true,"href":"https:\/\/server.idssoft.net\/idsdemo\/wp-json\/wp\/v2\/product_cat?post=17300"},{"taxonomy":"product_tag","embeddable":true,"href":"https:\/\/server.idssoft.net\/idsdemo\/wp-json\/wp\/v2\/product_tag?post=17300"}],"curies":[{"name":"wp","href":"https:\/\/api.w.org\/{rel}","templated":true}]}}