{"id":17314,"date":"2021-06-23T16:48:49","date_gmt":"2021-06-23T16:48:49","guid":{"rendered":"https:\/\/server.idssoft.net\/idsdemo\/producto\/maceta-florencia-50cm-terracota-blim\/"},"modified":"2021-06-23T16:48:49","modified_gmt":"2021-06-23T16:48:49","slug":"maceta-florencia-50cm-terracota-blim","status":"publish","type":"product","link":"https:\/\/server.idssoft.net\/idsdemo\/producto\/maceta-florencia-50cm-terracota-blim\/","title":{"rendered":"MACETA FLORENCIA 50CM TERRACOTA BLIM"},"content":{"rendered":"<p>&#8211; Una combinaci\u00f3n perfecta de modernidad y clasicismo, pensada para todas las necesidades y todos los estilos.<br \/>&#8211; Di\u00e1metro de la base: 30cm<br \/>&#8211; Di\u00e1metro de la boca: 50cm<br \/>&#8211; Altura: 37cm<br \/>&#8211; Capacidad: 45 litros<\/p>\n","protected":false},"excerpt":{"rendered":"<p>&#8211; Una combinaci\u00f3n perfecta de modernidad y clasicismo, pensada para todas las necesidades y todos los estilos.&#8211; Di\u00e1metro de la base: 30cm&#8211; Di\u00e1metro de la boca: 50cm&#8211; Altura: 37cm&#8211; Capacidad: 45 litros<\/p>\n","protected":false},"featured_media":17313,"comment_status":"open","ping_status":"closed","template":"","meta":[],"product_cat":[545],"product_tag":[],"class_list":["post-17314","product","type-product","status-publish","has-post-thumbnail","hentry","product_cat-jardin","thunk-woo-product-list","opn-qv-enable","top-store-woo-hover-","top-store-single-product-tab-horizontal","top-store-shadow-","top-store-shadow-hover-"],"_links":{"self":[{"href":"https:\/\/server.idssoft.net\/idsdemo\/wp-json\/wp\/v2\/product\/17314","targetHints":{"allow":["GET"]}}],"collection":[{"href":"https:\/\/server.idssoft.net\/idsdemo\/wp-json\/wp\/v2\/product"}],"about":[{"href":"https:\/\/server.idssoft.net\/idsdemo\/wp-json\/wp\/v2\/types\/product"}],"replies":[{"embeddable":true,"href":"https:\/\/server.idssoft.net\/idsdemo\/wp-json\/wp\/v2\/comments?post=17314"}],"wp:featuredmedia":[{"embeddable":true,"href":"https:\/\/server.idssoft.net\/idsdemo\/wp-json\/wp\/v2\/media\/17313"}],"wp:attachment":[{"href":"https:\/\/server.idssoft.net\/idsdemo\/wp-json\/wp\/v2\/media?parent=17314"}],"wp:term":[{"taxonomy":"product_cat","embeddable":true,"href":"https:\/\/server.idssoft.net\/idsdemo\/wp-json\/wp\/v2\/product_cat?post=17314"},{"taxonomy":"product_tag","embeddable":true,"href":"https:\/\/server.idssoft.net\/idsdemo\/wp-json\/wp\/v2\/product_tag?post=17314"}],"curies":[{"name":"wp","href":"https:\/\/api.w.org\/{rel}","templated":true}]}}