{"id":17320,"date":"2021-06-23T16:49:04","date_gmt":"2021-06-23T16:49:04","guid":{"rendered":"https:\/\/server.idssoft.net\/idsdemo\/producto\/maceta-verona-25cm-antracita-blim\/"},"modified":"2021-06-23T16:49:04","modified_gmt":"2021-06-23T16:49:04","slug":"maceta-verona-25cm-antracita-blim","status":"publish","type":"product","link":"https:\/\/server.idssoft.net\/idsdemo\/producto\/maceta-verona-25cm-antracita-blim\/","title":{"rendered":"MACETA VERONA 25CM ANTRACITA BLIM"},"content":{"rendered":"<p>&#8211; Las l\u00edneas limpias y armoniosas hacen de este jarr\u00f3n ideal para quienes quieren colorear los rincones de la casa y el jard\u00edn con un toque de frescura.<br \/>&#8211; Di\u00e1metro de la boca: 25cm<br \/>&#8211; Altura: 21cm<br \/>&#8211; Capacidad: 5 litros<\/p>\n","protected":false},"excerpt":{"rendered":"<p>&#8211; Las l\u00edneas limpias y armoniosas hacen de este jarr\u00f3n ideal para quienes quieren colorear los rincones de la casa y el jard\u00edn con un toque de frescura.&#8211; Di\u00e1metro de la boca: 25cm&#8211; Altura: 21cm&#8211; Capacidad: 5 litros<\/p>\n","protected":false},"featured_media":17319,"comment_status":"open","ping_status":"closed","template":"","meta":[],"product_cat":[545],"product_tag":[],"class_list":["post-17320","product","type-product","status-publish","has-post-thumbnail","hentry","product_cat-jardin","thunk-woo-product-list","opn-qv-enable","top-store-woo-hover-","top-store-single-product-tab-horizontal","top-store-shadow-","top-store-shadow-hover-"],"_links":{"self":[{"href":"https:\/\/server.idssoft.net\/idsdemo\/wp-json\/wp\/v2\/product\/17320","targetHints":{"allow":["GET"]}}],"collection":[{"href":"https:\/\/server.idssoft.net\/idsdemo\/wp-json\/wp\/v2\/product"}],"about":[{"href":"https:\/\/server.idssoft.net\/idsdemo\/wp-json\/wp\/v2\/types\/product"}],"replies":[{"embeddable":true,"href":"https:\/\/server.idssoft.net\/idsdemo\/wp-json\/wp\/v2\/comments?post=17320"}],"wp:featuredmedia":[{"embeddable":true,"href":"https:\/\/server.idssoft.net\/idsdemo\/wp-json\/wp\/v2\/media\/17319"}],"wp:attachment":[{"href":"https:\/\/server.idssoft.net\/idsdemo\/wp-json\/wp\/v2\/media?parent=17320"}],"wp:term":[{"taxonomy":"product_cat","embeddable":true,"href":"https:\/\/server.idssoft.net\/idsdemo\/wp-json\/wp\/v2\/product_cat?post=17320"},{"taxonomy":"product_tag","embeddable":true,"href":"https:\/\/server.idssoft.net\/idsdemo\/wp-json\/wp\/v2\/product_tag?post=17320"}],"curies":[{"name":"wp","href":"https:\/\/api.w.org\/{rel}","templated":true}]}}