{"id":17324,"date":"2021-06-23T16:49:13","date_gmt":"2021-06-23T16:49:13","guid":{"rendered":"https:\/\/server.idssoft.net\/idsdemo\/producto\/maceta-verona-30cm-antracita-blim\/"},"modified":"2021-06-23T16:49:13","modified_gmt":"2021-06-23T16:49:13","slug":"maceta-verona-30cm-antracita-blim","status":"publish","type":"product","link":"https:\/\/server.idssoft.net\/idsdemo\/producto\/maceta-verona-30cm-antracita-blim\/","title":{"rendered":"MACETA VERONA 30CM ANTRACITA BLIM"},"content":{"rendered":"<p>&#8211; Las l\u00edneas limpias y armoniosas hacen de este jarr\u00f3n ideal para quienes quieren colorear los rincones de la casa y el jard\u00edn con un toque de frescura.<br \/>&#8211; Di\u00e1metro de la boca: 30cm<br \/>&#8211; Altura: 24cm<br \/>&#8211; Capacidad: 8.5 litros<\/p>\n","protected":false},"excerpt":{"rendered":"<p>&#8211; Las l\u00edneas limpias y armoniosas hacen de este jarr\u00f3n ideal para quienes quieren colorear los rincones de la casa y el jard\u00edn con un toque de frescura.&#8211; Di\u00e1metro de la boca: 30cm&#8211; Altura: 24cm&#8211; Capacidad: 8.5 litros<\/p>\n","protected":false},"featured_media":17323,"comment_status":"open","ping_status":"closed","template":"","meta":[],"product_cat":[545],"product_tag":[],"class_list":["post-17324","product","type-product","status-publish","has-post-thumbnail","hentry","product_cat-jardin","thunk-woo-product-list","opn-qv-enable","top-store-woo-hover-","top-store-single-product-tab-horizontal","top-store-shadow-","top-store-shadow-hover-"],"_links":{"self":[{"href":"https:\/\/server.idssoft.net\/idsdemo\/wp-json\/wp\/v2\/product\/17324","targetHints":{"allow":["GET"]}}],"collection":[{"href":"https:\/\/server.idssoft.net\/idsdemo\/wp-json\/wp\/v2\/product"}],"about":[{"href":"https:\/\/server.idssoft.net\/idsdemo\/wp-json\/wp\/v2\/types\/product"}],"replies":[{"embeddable":true,"href":"https:\/\/server.idssoft.net\/idsdemo\/wp-json\/wp\/v2\/comments?post=17324"}],"wp:featuredmedia":[{"embeddable":true,"href":"https:\/\/server.idssoft.net\/idsdemo\/wp-json\/wp\/v2\/media\/17323"}],"wp:attachment":[{"href":"https:\/\/server.idssoft.net\/idsdemo\/wp-json\/wp\/v2\/media?parent=17324"}],"wp:term":[{"taxonomy":"product_cat","embeddable":true,"href":"https:\/\/server.idssoft.net\/idsdemo\/wp-json\/wp\/v2\/product_cat?post=17324"},{"taxonomy":"product_tag","embeddable":true,"href":"https:\/\/server.idssoft.net\/idsdemo\/wp-json\/wp\/v2\/product_tag?post=17324"}],"curies":[{"name":"wp","href":"https:\/\/api.w.org\/{rel}","templated":true}]}}