{"id":17330,"date":"2021-06-23T16:49:28","date_gmt":"2021-06-23T16:49:28","guid":{"rendered":"https:\/\/server.idssoft.net\/idsdemo\/producto\/maceta-verona-35cm-blanco-blim\/"},"modified":"2021-06-23T16:49:28","modified_gmt":"2021-06-23T16:49:28","slug":"maceta-verona-35cm-blanco-blim","status":"publish","type":"product","link":"https:\/\/server.idssoft.net\/idsdemo\/producto\/maceta-verona-35cm-blanco-blim\/","title":{"rendered":"MACETA VERONA 35CM BLANCO BLIM"},"content":{"rendered":"<p>&#8211; Las l\u00edneas limpias y armoniosas hacen de este jarr\u00f3n ideal para quienes quieren colorear los rincones de la casa y el jard\u00edn con un toque de frescura.<br \/>&#8211; Di\u00e1metro de la boca: 35cm<br \/>&#8211; Altura: 29cm<br \/>&#8211; Capacidad: 14 litros<\/p>\n","protected":false},"excerpt":{"rendered":"<p>&#8211; Las l\u00edneas limpias y armoniosas hacen de este jarr\u00f3n ideal para quienes quieren colorear los rincones de la casa y el jard\u00edn con un toque de frescura.&#8211; Di\u00e1metro de la boca: 35cm&#8211; Altura: 29cm&#8211; Capacidad: 14 litros<\/p>\n","protected":false},"featured_media":17329,"comment_status":"open","ping_status":"closed","template":"","meta":[],"product_cat":[545],"product_tag":[],"class_list":["post-17330","product","type-product","status-publish","has-post-thumbnail","hentry","product_cat-jardin","thunk-woo-product-list","opn-qv-enable","top-store-woo-hover-","top-store-single-product-tab-horizontal","top-store-shadow-","top-store-shadow-hover-"],"_links":{"self":[{"href":"https:\/\/server.idssoft.net\/idsdemo\/wp-json\/wp\/v2\/product\/17330","targetHints":{"allow":["GET"]}}],"collection":[{"href":"https:\/\/server.idssoft.net\/idsdemo\/wp-json\/wp\/v2\/product"}],"about":[{"href":"https:\/\/server.idssoft.net\/idsdemo\/wp-json\/wp\/v2\/types\/product"}],"replies":[{"embeddable":true,"href":"https:\/\/server.idssoft.net\/idsdemo\/wp-json\/wp\/v2\/comments?post=17330"}],"wp:featuredmedia":[{"embeddable":true,"href":"https:\/\/server.idssoft.net\/idsdemo\/wp-json\/wp\/v2\/media\/17329"}],"wp:attachment":[{"href":"https:\/\/server.idssoft.net\/idsdemo\/wp-json\/wp\/v2\/media?parent=17330"}],"wp:term":[{"taxonomy":"product_cat","embeddable":true,"href":"https:\/\/server.idssoft.net\/idsdemo\/wp-json\/wp\/v2\/product_cat?post=17330"},{"taxonomy":"product_tag","embeddable":true,"href":"https:\/\/server.idssoft.net\/idsdemo\/wp-json\/wp\/v2\/product_tag?post=17330"}],"curies":[{"name":"wp","href":"https:\/\/api.w.org\/{rel}","templated":true}]}}