{"id":17436,"date":"2021-09-07T16:23:45","date_gmt":"2021-09-07T16:23:45","guid":{"rendered":"https:\/\/server.idssoft.net\/idsdemo\/producto\/pizarras-rotulador-122x200-melamina-c-cajetin-m-aluminio\/"},"modified":"2021-09-08T16:21:16","modified_gmt":"2021-09-08T16:21:16","slug":"pizarras-rotulador-122x200-melamina-c-cajetin-m-aluminio","status":"publish","type":"product","link":"https:\/\/server.idssoft.net\/idsdemo\/producto\/pizarras-rotulador-122x200-melamina-c-cajetin-m-aluminio\/","title":{"rendered":"PIZARRAS ROTULADOR 122&#215;200 Melamina C\/Cajetin M\/Aluminio"},"content":{"rendered":"<p>Ref.OEM: FA11M5<br \/>\nPIZARRAS PARA ROTULADOR<br \/>\nPizarras de marco de aluminio y cantoneras decorativas. Superficie melaminada, permite la escritura con rotuladores especiales para pizarra blanca. Suministradas con los elementos de fijaci\u00f3n y cajet\u00edn de 40ctm. Garant\u00eda de la superficie 5 a\u00f1os<\/p>\n","protected":false},"excerpt":{"rendered":"<p>Ref.OEM: FA11M5 PIZARRAS PARA ROTULADOR Pizarras de marco de aluminio y cantoneras decorativas. Superficie melaminada, permite la escritura con rotuladores especiales para pizarra blanca. Suministradas con los elementos de fijaci\u00f3n y cajet\u00edn de 40ctm. Garant\u00eda de la superficie 5 a\u00f1os<\/p>\n","protected":false},"featured_media":17435,"comment_status":"open","ping_status":"closed","template":"","meta":[],"product_cat":[15],"product_tag":[],"class_list":["post-17436","product","type-product","status-publish","has-post-thumbnail","hentry","product_cat-sin-categorizar","thunk-woo-product-list","opn-qv-enable","top-store-woo-hover-","top-store-single-product-tab-horizontal","top-store-shadow-","top-store-shadow-hover-"],"_links":{"self":[{"href":"https:\/\/server.idssoft.net\/idsdemo\/wp-json\/wp\/v2\/product\/17436","targetHints":{"allow":["GET"]}}],"collection":[{"href":"https:\/\/server.idssoft.net\/idsdemo\/wp-json\/wp\/v2\/product"}],"about":[{"href":"https:\/\/server.idssoft.net\/idsdemo\/wp-json\/wp\/v2\/types\/product"}],"replies":[{"embeddable":true,"href":"https:\/\/server.idssoft.net\/idsdemo\/wp-json\/wp\/v2\/comments?post=17436"}],"wp:featuredmedia":[{"embeddable":true,"href":"https:\/\/server.idssoft.net\/idsdemo\/wp-json\/wp\/v2\/media\/17435"}],"wp:attachment":[{"href":"https:\/\/server.idssoft.net\/idsdemo\/wp-json\/wp\/v2\/media?parent=17436"}],"wp:term":[{"taxonomy":"product_cat","embeddable":true,"href":"https:\/\/server.idssoft.net\/idsdemo\/wp-json\/wp\/v2\/product_cat?post=17436"},{"taxonomy":"product_tag","embeddable":true,"href":"https:\/\/server.idssoft.net\/idsdemo\/wp-json\/wp\/v2\/product_tag?post=17436"}],"curies":[{"name":"wp","href":"https:\/\/api.w.org\/{rel}","templated":true}]}}