{"id":18172,"date":"2021-12-01T19:16:49","date_gmt":"2021-12-01T19:16:49","guid":{"rendered":"https:\/\/server.idssoft.net\/idsdemo\/producto\/multifuncion-hp-deskjet-3760-a4-usb-2-0-wifi\/"},"modified":"2021-12-01T19:16:49","modified_gmt":"2021-12-01T19:16:49","slug":"multifuncion-hp-deskjet-3760-a4-usb-2-0-wifi","status":"publish","type":"product","link":"https:\/\/server.idssoft.net\/idsdemo\/producto\/multifuncion-hp-deskjet-3760-a4-usb-2-0-wifi\/","title":{"rendered":"MULTIFUNCION HP DeskJet 3760 A4 USB 2.0  Wifi"},"content":{"rendered":"<p>Caracter\u00edsticas<br \/>\nSe adapta a tu espacio. Se adapta a tu vida inal\u00e1mbrica. Compacta e inal\u00e1mbrica, esta impresora ha sido dise\u00f1ada para adaptarse tanto a tu espacio como a tu vida, y ahorrarte hasta un 70 % en tinta. Consigue potencia y colores intensos con la impresora multifunci\u00f3n m\u00e1s peque\u00f1a del mundo para el hogar.<br \/>\nAhorra espacio y obt\u00e9n la potencia que necesitas con esta impresora multifunci\u00f3n peque\u00f1a que se ajusta casi a cualquier lugar. A\u00f1ade un toque de color a tu espacio y muestra tu estilo con una amplia gama de colores vibrantes. HP Scroll Scan te permite escanear r\u00e1pidamente soportes de papel, gruesos o delgados.<br \/>\nSu potente rendimiento y gran estilo no tienen por qu\u00e9 desequilibrar tu presupuesto. Las asequibles opciones de cartuchos de tinta Original HP de alto rendimiento y multifunci\u00f3n te ayudan a imprimir, escanear y copiar a un precio incre\u00edble.<br \/>\nObt\u00e9n lo \u00faltimo en impresi\u00f3n inal\u00e1mbrica. Empieza a funcionar r\u00e1pidamente y con una configuraci\u00f3n sencilla nada m\u00e1s extraerla de la caja. Env\u00eda documentos para imprimir directamente desde tu smartphone o tableta.La impresi\u00f3n desde tu dispositivo m\u00f3vil es m\u00e1s f\u00e1cil que nunca, tanto en casa como durante tus viajes.<\/p>\n","protected":false},"excerpt":{"rendered":"<p>Caracter\u00edsticas Se adapta a tu espacio. Se adapta a tu vida inal\u00e1mbrica. Compacta e inal\u00e1mbrica, esta impresora ha sido dise\u00f1ada para adaptarse tanto a tu espacio como a tu vida, y ahorrarte hasta un 70 % en tinta. Consigue potencia y colores intensos con la impresora multifunci\u00f3n m\u00e1s peque\u00f1a del mundo para el hogar. Ahorra &hellip;<\/p>\n<p class=\"read-more\"> <a class=\" thunk-readmore button \" href=\"https:\/\/server.idssoft.net\/idsdemo\/producto\/multifuncion-hp-deskjet-3760-a4-usb-2-0-wifi\/\"> <span class=\"screen-reader-text\">MULTIFUNCION HP DeskJet 3760 A4 USB 2.0  Wifi<\/span>Leer m\u00e1s<\/a><\/p>\n","protected":false},"featured_media":18171,"comment_status":"open","ping_status":"closed","template":"","meta":[],"product_cat":[707],"product_tag":[],"class_list":["post-18172","product","type-product","status-publish","has-post-thumbnail","hentry","product_cat-informatica-equipos-multifuncionales-multifuncionales-laser-color","thunk-woo-product-list","opn-qv-enable","top-store-woo-hover-","top-store-single-product-tab-horizontal","top-store-shadow-","top-store-shadow-hover-"],"_links":{"self":[{"href":"https:\/\/server.idssoft.net\/idsdemo\/wp-json\/wp\/v2\/product\/18172","targetHints":{"allow":["GET"]}}],"collection":[{"href":"https:\/\/server.idssoft.net\/idsdemo\/wp-json\/wp\/v2\/product"}],"about":[{"href":"https:\/\/server.idssoft.net\/idsdemo\/wp-json\/wp\/v2\/types\/product"}],"replies":[{"embeddable":true,"href":"https:\/\/server.idssoft.net\/idsdemo\/wp-json\/wp\/v2\/comments?post=18172"}],"wp:featuredmedia":[{"embeddable":true,"href":"https:\/\/server.idssoft.net\/idsdemo\/wp-json\/wp\/v2\/media\/18171"}],"wp:attachment":[{"href":"https:\/\/server.idssoft.net\/idsdemo\/wp-json\/wp\/v2\/media?parent=18172"}],"wp:term":[{"taxonomy":"product_cat","embeddable":true,"href":"https:\/\/server.idssoft.net\/idsdemo\/wp-json\/wp\/v2\/product_cat?post=18172"},{"taxonomy":"product_tag","embeddable":true,"href":"https:\/\/server.idssoft.net\/idsdemo\/wp-json\/wp\/v2\/product_tag?post=18172"}],"curies":[{"name":"wp","href":"https:\/\/api.w.org\/{rel}","templated":true}]}}