{"id":18183,"date":"2021-12-01T19:17:16","date_gmt":"2021-12-01T19:17:16","guid":{"rendered":"https:\/\/server.idssoft.net\/idsdemo\/producto\/multifuncion-hp-envy-6020-color-wifi-duplex\/"},"modified":"2021-12-01T19:17:16","modified_gmt":"2021-12-01T19:17:16","slug":"multifuncion-hp-envy-6020-color-wifi-duplex","status":"publish","type":"product","link":"https:\/\/server.idssoft.net\/idsdemo\/producto\/multifuncion-hp-envy-6020-color-wifi-duplex\/","title":{"rendered":"MULTIFUNCION HP ENVY 6020 Color Wifi D\u00faplex"},"content":{"rendered":"<p>Con\u00e9ctelos a todos<br \/>\nComience r\u00e1pidamente con una configuraci\u00f3n simple que lo gu\u00eda a trav\u00e9s de cada paso, utilizando la aplicaci\u00f3n HP Smart.<br \/>\nEl Wi-Fi de recuperaci\u00f3n autom\u00e1tica detecta y resuelve autom\u00e1ticamente los problemas de conectividad para ayudar a reducir las interrupciones.<br \/>\nCon\u00e9ctese con Bluetooth\u00ae y comience a imprimir r\u00e1pidamente desde su tel\u00e9fono inteligente o tableta &#8211; configuraci\u00f3n f\u00e1cil.<br \/>\nManeje f\u00e1cilmente las tareas y obtenga mucho de un dispositivo: imprima, escanee y copie.<br \/>\nImprima desde cualquier lugar<br \/>\nImprima f\u00e1cilmente documentos cotidianos desde su tel\u00e9fono inteligente, utilizando la aplicaci\u00f3n HP Smart.<br \/>\nCon la aplicaci\u00f3n HP Smart, obtenga escaneo y uso compartido de alta calidad, adem\u00e1s de hacer copias f\u00e1cilmente, desde su tel\u00e9fono inteligente.<br \/>\nReciba notificaciones cuando imprima o escanee desde su tel\u00e9fono: finalizaci\u00f3n del trabajo, niveles de tinta y m\u00e1s.<br \/>\nCalidad con la que puede contar<br \/>\nObtenga texto en negro intenso y gr\u00e1ficos vibrantes para todos sus documentos y fotos cotidianos.<br \/>\nImprima m\u00e1s p\u00e1ginas y cambie los cartuchos con menos frecuencia con los cartuchos originales HP de alto rendimiento.<br \/>\nEspecificaciones HP ENVY 6020:<br \/>\nElementos incluidos y accesorios<br \/>\nContenido de la caja. Impresora multifunci\u00f3n HP ENVY 6020; Cartucho de tinta de configuraci\u00f3n HP 305 negro; Cartucho de tinta de configuraci\u00f3n HP 305 tricolor; Folleto reglamentario; Gu\u00eda de configuraci\u00f3n; Gu\u00eda de referencia; Cable de alimentaci\u00f3n.<br \/>\nConectividad<br \/>\nPuertos 1 USB 2.0 de alta velocidad; 1 Wi-Fi 802.11ac (doble banda)<br \/>\nCapacidad inal\u00e1mbrica S\u00ed, WiFi 802.11b\/g\/n integrada<br \/>\nCopia<br \/>\nAjustes de copia Color, monocromo<br \/>\nFunci\u00f3n de copiado en color S\u00ed<br \/>\nN\u00famero m\u00e1ximo de copias Hasta 9 copias<br \/>\nConfiguraci\u00f3n de reducci\u00f3n\/ampliaci\u00f3n de copias De 25 a 200%<br \/>\nResoluci\u00f3n de copia Hasta 300 x 300 ppp<br \/>\nMedio ambiente<br \/>\nEmisiones de potencia ac\u00fastica (activas, impresi\u00f3n) 6,7 B (A)<br \/>\nEmisiones de presi\u00f3n ac\u00fastica 56 dB (A) (impresi\u00f3n a 5 ppm)<br \/>\nIntervalo de humedad en funcionamiento 25 al 75% de HR (sin condensaci\u00f3n)<br \/>\nHumedad durante almacenamiento del 20 al 80% de HR sin condensaci\u00f3n<br \/>\nRango de temperatura de funcionamiento recomendado (Celsius) De 15 a 30\u00b0C<br \/>\nRango de temperatura de almacenamiento (Celsius) -40 a 60 \u00b0C<br \/>\nEspecificaciones ambientales Las impresoras multifunci\u00f3n HP Envy de la serie 6000 se crean a partir de impresoras recicladas y otros dispositivos electr\u00f3nicos: m\u00e1s del 20 % del peso es pl\u00e1stico reciclado. Ahorra hasta un 50 % en papel con la impresi\u00f3n autom\u00e1tica a doble cara. Los cartuchos Originales HP se han dise\u00f1ado para utilizar pl\u00e1stico reciclado y satisfacer los exigentes est\u00e1ndares de HP en materia de calidad y fiabilidad.<br \/>\nCapacidad de impresi\u00f3n m\u00f3vil<br \/>\nServicios de impresi\u00f3n m\u00f3vil Aplicaci\u00f3n HP Smart; Apple AirPrint\u2122; Certificaci\u00f3n Mopria\u2122<br \/>\nManejo del papel<br \/>\nCapacidad de entrada Hasta 100 hojas<br \/>\nCapacidad de entrada de papel de serie (tarjetas) Hasta 40 tarjetas<br \/>\nCapacidad de salida Hasta 25 hojas<br \/>\nTama\u00f1o de soportes compatibles (sistema m\u00e9trico) A4; A5; B5; DL; C6; A6<br \/>\nTama\u00f1o de soportes personalizados (sistema m\u00e9trico) A una cara: de 76,2 x 127 mm a 216 x 297 mm; A doble cara: de 76,2 x 127 mm a 216 x 297 mm<br \/>\nTipos de soportes Papel normal; Papeles fotogr\u00e1ficos HP; Papel profesional o de prospecto mate HP; Papel de presentaci\u00f3n mate HP; Papel profesional o de prospecto brillante HP; Otros papeles fotogr\u00e1ficos de inyecci\u00f3n de tinta; Otros papeles mate de inyecci\u00f3n de tinta; Otros papeles brillantes de inyecci\u00f3n de tinta; Papel normal, ligero\/reciclado<br \/>\nGramajes admitidos (sistema m\u00e9trico) A4: de 60 a 90 g\/m\u00b2; Sobres HP: de 75 a 90 g\/m\u00b2; Tarjetas HP: hasta 200 g\/m\u00b2; Papel fotogr\u00e1fico HP de 10 x 15 cm: hasta 300 g\/m\u00b2<br \/>\nImpresi\u00f3n sin bordes S\u00ed (hasta 216 x 297 mm, 8,5 x 11 pulgadas)<\/p>\n","protected":false},"excerpt":{"rendered":"<p>Con\u00e9ctelos a todos Comience r\u00e1pidamente con una configuraci\u00f3n simple que lo gu\u00eda a trav\u00e9s de cada paso, utilizando la aplicaci\u00f3n HP Smart. El Wi-Fi de recuperaci\u00f3n autom\u00e1tica detecta y resuelve autom\u00e1ticamente los problemas de conectividad para ayudar a reducir las interrupciones. Con\u00e9ctese con Bluetooth\u00ae y comience a imprimir r\u00e1pidamente desde su tel\u00e9fono inteligente o tableta &hellip;<\/p>\n<p class=\"read-more\"> <a class=\" thunk-readmore button \" href=\"https:\/\/server.idssoft.net\/idsdemo\/producto\/multifuncion-hp-envy-6020-color-wifi-duplex\/\"> <span class=\"screen-reader-text\">MULTIFUNCION HP ENVY 6020 Color Wifi D\u00faplex<\/span>Leer m\u00e1s<\/a><\/p>\n","protected":false},"featured_media":18182,"comment_status":"open","ping_status":"closed","template":"","meta":[],"product_cat":[706],"product_tag":[],"class_list":["post-18183","product","type-product","status-publish","has-post-thumbnail","hentry","product_brand-hp","product_cat-informatica-equipos-multifuncionales-multifuncionales-inkjet-color","thunk-woo-product-list","opn-qv-enable","top-store-woo-hover-","top-store-single-product-tab-horizontal","top-store-shadow-","top-store-shadow-hover-"],"_links":{"self":[{"href":"https:\/\/server.idssoft.net\/idsdemo\/wp-json\/wp\/v2\/product\/18183","targetHints":{"allow":["GET"]}}],"collection":[{"href":"https:\/\/server.idssoft.net\/idsdemo\/wp-json\/wp\/v2\/product"}],"about":[{"href":"https:\/\/server.idssoft.net\/idsdemo\/wp-json\/wp\/v2\/types\/product"}],"replies":[{"embeddable":true,"href":"https:\/\/server.idssoft.net\/idsdemo\/wp-json\/wp\/v2\/comments?post=18183"}],"wp:featuredmedia":[{"embeddable":true,"href":"https:\/\/server.idssoft.net\/idsdemo\/wp-json\/wp\/v2\/media\/18182"}],"wp:attachment":[{"href":"https:\/\/server.idssoft.net\/idsdemo\/wp-json\/wp\/v2\/media?parent=18183"}],"wp:term":[{"taxonomy":"product_cat","embeddable":true,"href":"https:\/\/server.idssoft.net\/idsdemo\/wp-json\/wp\/v2\/product_cat?post=18183"},{"taxonomy":"product_tag","embeddable":true,"href":"https:\/\/server.idssoft.net\/idsdemo\/wp-json\/wp\/v2\/product_tag?post=18183"}],"curies":[{"name":"wp","href":"https:\/\/api.w.org\/{rel}","templated":true}]}}