{"id":18188,"date":"2021-12-01T19:17:28","date_gmt":"2021-12-01T19:17:28","guid":{"rendered":"https:\/\/server.idssoft.net\/idsdemo\/producto\/multifuncion-brother-hl-l2375dw-a4-laser-monocromo\/"},"modified":"2021-12-01T19:17:28","modified_gmt":"2021-12-01T19:17:28","slug":"multifuncion-brother-hl-l2375dw-a4-laser-monocromo","status":"publish","type":"product","link":"https:\/\/server.idssoft.net\/idsdemo\/producto\/multifuncion-brother-hl-l2375dw-a4-laser-monocromo\/","title":{"rendered":"MULTIFUNCION Brother HL-L2375DW A4 LASER Monocromo"},"content":{"rendered":"<p>Trabajos impresos con calidad profesional y rapidez gracias a su alta velocidad de impresi\u00f3n de 34 ppm. Flexibilidad con la conexi\u00f3n m\u00f3vil, WiFi y red cableada.<\/p>\n<p>Caracter\u00edsticas:<br \/>\nVelocidad de impresi\u00f3n de 34ppm<br \/>\nImpresi\u00f3n a doble cara<br \/>\nPCL6<br \/>\nEthernet, WiFi, Wi-Fi Direct y conexi\u00f3n m\u00f3vil<br \/>\nT\u00f3ner XL de 3.000 p\u00e1ginas<br \/>\nIncluye t\u00f3ner con capacidad para 1.200 p\u00e1ginas<\/p>\n","protected":false},"excerpt":{"rendered":"<p>Trabajos impresos con calidad profesional y rapidez gracias a su alta velocidad de impresi\u00f3n de 34 ppm. Flexibilidad con la conexi\u00f3n m\u00f3vil, WiFi y red cableada. Caracter\u00edsticas: Velocidad de impresi\u00f3n de 34ppm Impresi\u00f3n a doble cara PCL6 Ethernet, WiFi, Wi-Fi Direct y conexi\u00f3n m\u00f3vil T\u00f3ner XL de 3.000 p\u00e1ginas Incluye t\u00f3ner con capacidad para 1.200 &hellip;<\/p>\n<p class=\"read-more\"> <a class=\" thunk-readmore button \" href=\"https:\/\/server.idssoft.net\/idsdemo\/producto\/multifuncion-brother-hl-l2375dw-a4-laser-monocromo\/\"> <span class=\"screen-reader-text\">MULTIFUNCION Brother HL-L2375DW A4 LASER Monocromo<\/span>Leer m\u00e1s<\/a><\/p>\n","protected":false},"featured_media":18187,"comment_status":"open","ping_status":"closed","template":"","meta":[],"product_cat":[709],"product_tag":[],"class_list":["post-18188","product","type-product","status-publish","has-post-thumbnail","hentry","product_brand-brother","product_cat-informatica-equipos-multifuncionales-multifuncionales-laser-monocromo","thunk-woo-product-list","opn-qv-enable","top-store-woo-hover-","top-store-single-product-tab-horizontal","top-store-shadow-","top-store-shadow-hover-"],"_links":{"self":[{"href":"https:\/\/server.idssoft.net\/idsdemo\/wp-json\/wp\/v2\/product\/18188","targetHints":{"allow":["GET"]}}],"collection":[{"href":"https:\/\/server.idssoft.net\/idsdemo\/wp-json\/wp\/v2\/product"}],"about":[{"href":"https:\/\/server.idssoft.net\/idsdemo\/wp-json\/wp\/v2\/types\/product"}],"replies":[{"embeddable":true,"href":"https:\/\/server.idssoft.net\/idsdemo\/wp-json\/wp\/v2\/comments?post=18188"}],"wp:featuredmedia":[{"embeddable":true,"href":"https:\/\/server.idssoft.net\/idsdemo\/wp-json\/wp\/v2\/media\/18187"}],"wp:attachment":[{"href":"https:\/\/server.idssoft.net\/idsdemo\/wp-json\/wp\/v2\/media?parent=18188"}],"wp:term":[{"taxonomy":"product_cat","embeddable":true,"href":"https:\/\/server.idssoft.net\/idsdemo\/wp-json\/wp\/v2\/product_cat?post=18188"},{"taxonomy":"product_tag","embeddable":true,"href":"https:\/\/server.idssoft.net\/idsdemo\/wp-json\/wp\/v2\/product_tag?post=18188"}],"curies":[{"name":"wp","href":"https:\/\/api.w.org\/{rel}","templated":true}]}}