{"id":18190,"date":"2021-12-01T19:17:31","date_gmt":"2021-12-01T19:17:31","guid":{"rendered":"https:\/\/server.idssoft.net\/idsdemo\/producto\/multifuncion-hp-150a-laser-color-18-4\/"},"modified":"2021-12-01T19:17:31","modified_gmt":"2021-12-01T19:17:31","slug":"multifuncion-hp-150a-laser-color-18-4","status":"publish","type":"product","link":"https:\/\/server.idssoft.net\/idsdemo\/producto\/multifuncion-hp-150a-laser-color-18-4\/","title":{"rendered":"MULTIFUNCION HP 150A LASER COLOR 18\/4"},"content":{"rendered":"<p>Obt\u00e9n un productivo rendimiento de impresi\u00f3n a un precio asequible y crea f\u00e1cilmente resultados en color de alta calidad.<br \/>\nImpresora con seguridad din\u00e1mica habilitada. Para ser exclusivamente utilizada con cartuchos que utilicen un chip original de HP. Es posible que no funcionen los cartuchos que no utilicen un chip de HP, y que los que funcionan hoy no funcionen en el futuro.<br \/>\nImpresora de color &#8211; Perfecta para peque\u00f1as y medianas empresas<br \/>\nHasta 20,000 p\u00e1ginas<br \/>\nImpresi\u00f3n<br \/>\nPuerto Hi-Speed USB 2.0<\/p>\n","protected":false},"excerpt":{"rendered":"<p>Obt\u00e9n un productivo rendimiento de impresi\u00f3n a un precio asequible y crea f\u00e1cilmente resultados en color de alta calidad. Impresora con seguridad din\u00e1mica habilitada. Para ser exclusivamente utilizada con cartuchos que utilicen un chip original de HP. Es posible que no funcionen los cartuchos que no utilicen un chip de HP, y que los que &hellip;<\/p>\n<p class=\"read-more\"> <a class=\" thunk-readmore button \" href=\"https:\/\/server.idssoft.net\/idsdemo\/producto\/multifuncion-hp-150a-laser-color-18-4\/\"> <span class=\"screen-reader-text\">MULTIFUNCION HP 150A LASER COLOR 18\/4<\/span>Leer m\u00e1s<\/a><\/p>\n","protected":false},"featured_media":18189,"comment_status":"open","ping_status":"closed","template":"","meta":[],"product_cat":[707],"product_tag":[],"class_list":["post-18190","product","type-product","status-publish","has-post-thumbnail","hentry","product_cat-informatica-equipos-multifuncionales-multifuncionales-laser-color","thunk-woo-product-list","opn-qv-enable","top-store-woo-hover-","top-store-single-product-tab-horizontal","top-store-shadow-","top-store-shadow-hover-"],"_links":{"self":[{"href":"https:\/\/server.idssoft.net\/idsdemo\/wp-json\/wp\/v2\/product\/18190","targetHints":{"allow":["GET"]}}],"collection":[{"href":"https:\/\/server.idssoft.net\/idsdemo\/wp-json\/wp\/v2\/product"}],"about":[{"href":"https:\/\/server.idssoft.net\/idsdemo\/wp-json\/wp\/v2\/types\/product"}],"replies":[{"embeddable":true,"href":"https:\/\/server.idssoft.net\/idsdemo\/wp-json\/wp\/v2\/comments?post=18190"}],"wp:featuredmedia":[{"embeddable":true,"href":"https:\/\/server.idssoft.net\/idsdemo\/wp-json\/wp\/v2\/media\/18189"}],"wp:attachment":[{"href":"https:\/\/server.idssoft.net\/idsdemo\/wp-json\/wp\/v2\/media?parent=18190"}],"wp:term":[{"taxonomy":"product_cat","embeddable":true,"href":"https:\/\/server.idssoft.net\/idsdemo\/wp-json\/wp\/v2\/product_cat?post=18190"},{"taxonomy":"product_tag","embeddable":true,"href":"https:\/\/server.idssoft.net\/idsdemo\/wp-json\/wp\/v2\/product_tag?post=18190"}],"curies":[{"name":"wp","href":"https:\/\/api.w.org\/{rel}","templated":true}]}}