{"id":18192,"date":"2021-12-01T19:17:35","date_gmt":"2021-12-01T19:17:35","guid":{"rendered":"https:\/\/server.idssoft.net\/idsdemo\/producto\/multifuncion-hp-laserjet-pro-mfp-m227sdn-monocromo\/"},"modified":"2021-12-01T19:17:35","modified_gmt":"2021-12-01T19:17:35","slug":"multifuncion-hp-laserjet-pro-mfp-m227sdn-monocromo","status":"publish","type":"product","link":"https:\/\/server.idssoft.net\/idsdemo\/producto\/multifuncion-hp-laserjet-pro-mfp-m227sdn-monocromo\/","title":{"rendered":"MULTIFUNCION HP LaserJet Pro MFP M227SDN Monocromo"},"content":{"rendered":"<p>Te presentamos la impresora multifunci\u00f3n laser LaserJet Pro M227sdn de HP. Obtenga m\u00e1s p\u00e1ginas, rendimiento y protecci\u00f3n con la impresora multifunci\u00f3n HP LaserJet Pro M227sdn alimentada por cartuchos de t\u00f3ner JetIntelligence. Establezca un ritmo m\u00e1s r\u00e1pido para su empresa: imprima y gestione documentos a doble cara, adem\u00e1s de escanear y copiar, para maximizar la eficiencia<\/p>\n<p>Caracter\u00edsticas:<br \/>\nAhorre energ\u00eda sin bajar el ritmo. Esta impresora multifunci\u00f3n HP LaserJet Pro imprime, escanea, copia mientras mantiene los costes de energ\u00eda bajos, para ahorrar tiempo y recursos. Imprima al ritmo del negocio con una impresi\u00f3n a doble cara r\u00e1pida: las primeras p\u00e1ginas est\u00e1n listas en tan solo 7 segundos. Ahorre energ\u00eda con la tecnolog\u00eda HP Auto-On\/Auto-Off.<br \/>\nGestione f\u00e1cilmente los dispositivos y configuraciones para imprimir de forma m\u00e1s eficiente y segura. Obtenga visibilidad en la oficina al imprimir y verificar el estado de los consumibles y otras configuraciones con HP Web Jetadmin.<br \/>\nLa impresi\u00f3n m\u00f3vil es sencilla con HP. Imprima en tan solo unos pasos desde una amplia gama de dispositivos m\u00f3viles: smartphones, tablets y ordenadores port\u00e1tiles. Imprima desde un iPhone e iPad con AirPrint, que escalan autom\u00e1ticamente los trabajos al tama\u00f1o de papel adecuado.<br \/>\nCuente con resultados uniformes: los cartuchos de t\u00f3ner Originales HP con JetIntelligence se han dise\u00f1ado para que funcionen a la perfecci\u00f3n con esta impresora HP LaserJet Pro. La autenticaci\u00f3n antifraude le permite proteger su negocio de los frustrantes problemas de calidad y de las costosas reimpresiones.<br \/>\nProduzca texto n\u00edtido, negros intensos y gr\u00e1ficos n\u00edtidos con el t\u00f3ner negro de precisi\u00f3n. Imprima el doble que con los cartuchos est\u00e1ndar utilizando los cartuchos de t\u00f3ner Originales HP opcionales de alta capacidad. Obtenga m\u00e1s p\u00e1ginas que nunca. Realice el seguimiento de las p\u00e1ginas restantes con el fin de garantizar que obtiene aquello por lo que ha pagado.<\/p>\n","protected":false},"excerpt":{"rendered":"<p>Te presentamos la impresora multifunci\u00f3n laser LaserJet Pro M227sdn de HP. Obtenga m\u00e1s p\u00e1ginas, rendimiento y protecci\u00f3n con la impresora multifunci\u00f3n HP LaserJet Pro M227sdn alimentada por cartuchos de t\u00f3ner JetIntelligence. Establezca un ritmo m\u00e1s r\u00e1pido para su empresa: imprima y gestione documentos a doble cara, adem\u00e1s de escanear y copiar, para maximizar la eficiencia &hellip;<\/p>\n<p class=\"read-more\"> <a class=\" thunk-readmore button \" href=\"https:\/\/server.idssoft.net\/idsdemo\/producto\/multifuncion-hp-laserjet-pro-mfp-m227sdn-monocromo\/\"> <span class=\"screen-reader-text\">MULTIFUNCION HP LaserJet Pro MFP M227SDN Monocromo<\/span>Leer m\u00e1s<\/a><\/p>\n","protected":false},"featured_media":18191,"comment_status":"open","ping_status":"closed","template":"","meta":[],"product_cat":[709],"product_tag":[],"class_list":["post-18192","product","type-product","status-publish","has-post-thumbnail","hentry","product_cat-informatica-equipos-multifuncionales-multifuncionales-laser-monocromo","thunk-woo-product-list","opn-qv-enable","top-store-woo-hover-","top-store-single-product-tab-horizontal","top-store-shadow-","top-store-shadow-hover-"],"_links":{"self":[{"href":"https:\/\/server.idssoft.net\/idsdemo\/wp-json\/wp\/v2\/product\/18192","targetHints":{"allow":["GET"]}}],"collection":[{"href":"https:\/\/server.idssoft.net\/idsdemo\/wp-json\/wp\/v2\/product"}],"about":[{"href":"https:\/\/server.idssoft.net\/idsdemo\/wp-json\/wp\/v2\/types\/product"}],"replies":[{"embeddable":true,"href":"https:\/\/server.idssoft.net\/idsdemo\/wp-json\/wp\/v2\/comments?post=18192"}],"wp:featuredmedia":[{"embeddable":true,"href":"https:\/\/server.idssoft.net\/idsdemo\/wp-json\/wp\/v2\/media\/18191"}],"wp:attachment":[{"href":"https:\/\/server.idssoft.net\/idsdemo\/wp-json\/wp\/v2\/media?parent=18192"}],"wp:term":[{"taxonomy":"product_cat","embeddable":true,"href":"https:\/\/server.idssoft.net\/idsdemo\/wp-json\/wp\/v2\/product_cat?post=18192"},{"taxonomy":"product_tag","embeddable":true,"href":"https:\/\/server.idssoft.net\/idsdemo\/wp-json\/wp\/v2\/product_tag?post=18192"}],"curies":[{"name":"wp","href":"https:\/\/api.w.org\/{rel}","templated":true}]}}