{"id":18196,"date":"2021-12-01T19:17:43","date_gmt":"2021-12-01T19:17:43","guid":{"rendered":"https:\/\/server.idssoft.net\/idsdemo\/producto\/multifuncion-hp-deskjet-plus-2720-a4-usb-2-0-wifi\/"},"modified":"2021-12-01T19:17:43","modified_gmt":"2021-12-01T19:17:43","slug":"multifuncion-hp-deskjet-plus-2720-a4-usb-2-0-wifi","status":"publish","type":"product","link":"https:\/\/server.idssoft.net\/idsdemo\/producto\/multifuncion-hp-deskjet-plus-2720-a4-usb-2-0-wifi\/","title":{"rendered":"MULTIFUNCION HP Deskjet Plus 2720 A4 USB 2.0 Wifi"},"content":{"rendered":"<p>Caracter\u00edsticas:<br \/>\nImprime. Copia. Escanea.<br \/>\nVelocidad de impresi\u00f3n de 7,5\/5,5 ppm (negro\/color)<br \/>\nM\u00e1s del 20 % de su composici\u00f3n es pl\u00e1stico reciclado<br \/>\nBandeja de entrada de 60 hojas<br \/>\nEsc\u00e1ner plano<br \/>\nApto para HP Instant Ink<br \/>\nConectividad fiable gracias a la conexi\u00f3n Wi-Fi de doble<br \/>\nbanda con restablecimiento autom\u00e1tico y Bluetooth\u00ae 4.2.<br \/>\nFunciones de conexi\u00f3n inal\u00e1mbrica y aplicaci\u00f3n HP Smart<\/p>\n","protected":false},"excerpt":{"rendered":"<p>Caracter\u00edsticas: Imprime. Copia. Escanea. Velocidad de impresi\u00f3n de 7,5\/5,5 ppm (negro\/color) M\u00e1s del 20 % de su composici\u00f3n es pl\u00e1stico reciclado Bandeja de entrada de 60 hojas Esc\u00e1ner plano Apto para HP Instant Ink Conectividad fiable gracias a la conexi\u00f3n Wi-Fi de doble banda con restablecimiento autom\u00e1tico y Bluetooth\u00ae 4.2. Funciones de conexi\u00f3n inal\u00e1mbrica y &hellip;<\/p>\n<p class=\"read-more\"> <a class=\" thunk-readmore button \" href=\"https:\/\/server.idssoft.net\/idsdemo\/producto\/multifuncion-hp-deskjet-plus-2720-a4-usb-2-0-wifi\/\"> <span class=\"screen-reader-text\">MULTIFUNCION HP Deskjet Plus 2720 A4 USB 2.0 Wifi<\/span>Leer m\u00e1s<\/a><\/p>\n","protected":false},"featured_media":18195,"comment_status":"open","ping_status":"closed","template":"","meta":[],"product_cat":[709],"product_tag":[],"class_list":["post-18196","product","type-product","status-publish","has-post-thumbnail","hentry","product_cat-informatica-equipos-multifuncionales-multifuncionales-laser-monocromo","thunk-woo-product-list","opn-qv-enable","top-store-woo-hover-","top-store-single-product-tab-horizontal","top-store-shadow-","top-store-shadow-hover-"],"_links":{"self":[{"href":"https:\/\/server.idssoft.net\/idsdemo\/wp-json\/wp\/v2\/product\/18196","targetHints":{"allow":["GET"]}}],"collection":[{"href":"https:\/\/server.idssoft.net\/idsdemo\/wp-json\/wp\/v2\/product"}],"about":[{"href":"https:\/\/server.idssoft.net\/idsdemo\/wp-json\/wp\/v2\/types\/product"}],"replies":[{"embeddable":true,"href":"https:\/\/server.idssoft.net\/idsdemo\/wp-json\/wp\/v2\/comments?post=18196"}],"wp:featuredmedia":[{"embeddable":true,"href":"https:\/\/server.idssoft.net\/idsdemo\/wp-json\/wp\/v2\/media\/18195"}],"wp:attachment":[{"href":"https:\/\/server.idssoft.net\/idsdemo\/wp-json\/wp\/v2\/media?parent=18196"}],"wp:term":[{"taxonomy":"product_cat","embeddable":true,"href":"https:\/\/server.idssoft.net\/idsdemo\/wp-json\/wp\/v2\/product_cat?post=18196"},{"taxonomy":"product_tag","embeddable":true,"href":"https:\/\/server.idssoft.net\/idsdemo\/wp-json\/wp\/v2\/product_tag?post=18196"}],"curies":[{"name":"wp","href":"https:\/\/api.w.org\/{rel}","templated":true}]}}