{"id":18200,"date":"2021-12-01T19:17:52","date_gmt":"2021-12-01T19:17:52","guid":{"rendered":"https:\/\/server.idssoft.net\/idsdemo\/producto\/multifuncion-epson-ecotank-et-2715\/"},"modified":"2021-12-01T19:17:52","modified_gmt":"2021-12-01T19:17:52","slug":"multifuncion-epson-ecotank-et-2715","status":"publish","type":"product","link":"https:\/\/server.idssoft.net\/idsdemo\/producto\/multifuncion-epson-ecotank-et-2715\/","title":{"rendered":"MULTIFUNCION Epson EcoTank ET-2715"},"content":{"rendered":"<p>Esta impresora de inyecci\u00f3n de tinta 3 en 1 es perfecta para los hogares din\u00e1micos que desean reducir los costes de impresi\u00f3n y disfrutar de la impresi\u00f3n m\u00f3vil.<br \/>\nReduce el coste de tinta en aproximadamente un 90% con EcoTank ET-2715 sin cartuchos de Epson1, que incluye botellas de tinta de alto rendimiento. Su mejorado sistema de recarga de tinta de gran capacidad resulta f\u00e1cil de usar y llenar gracias a las botellas de tinta especialmente dise\u00f1adas. Los hogares din\u00e1micos quedar\u00e1n satisfechos con esta c\u00f3moda soluci\u00f3n que te permite olvidarte de los costes de tinta y eliminar\u00e1 la preocupaci\u00f3n de que esta se gaste.<\/p>\n","protected":false},"excerpt":{"rendered":"<p>Esta impresora de inyecci\u00f3n de tinta 3 en 1 es perfecta para los hogares din\u00e1micos que desean reducir los costes de impresi\u00f3n y disfrutar de la impresi\u00f3n m\u00f3vil. Reduce el coste de tinta en aproximadamente un 90% con EcoTank ET-2715 sin cartuchos de Epson1, que incluye botellas de tinta de alto rendimiento. Su mejorado sistema &hellip;<\/p>\n<p class=\"read-more\"> <a class=\" thunk-readmore button \" href=\"https:\/\/server.idssoft.net\/idsdemo\/producto\/multifuncion-epson-ecotank-et-2715\/\"> <span class=\"screen-reader-text\">MULTIFUNCION Epson EcoTank ET-2715<\/span>Leer m\u00e1s<\/a><\/p>\n","protected":false},"featured_media":18199,"comment_status":"open","ping_status":"closed","template":"","meta":[],"product_cat":[706],"product_tag":[],"class_list":["post-18200","product","type-product","status-publish","has-post-thumbnail","hentry","product_brand-epson","product_cat-informatica-equipos-multifuncionales-multifuncionales-inkjet-color","thunk-woo-product-list","opn-qv-enable","top-store-woo-hover-","top-store-single-product-tab-horizontal","top-store-shadow-","top-store-shadow-hover-"],"_links":{"self":[{"href":"https:\/\/server.idssoft.net\/idsdemo\/wp-json\/wp\/v2\/product\/18200","targetHints":{"allow":["GET"]}}],"collection":[{"href":"https:\/\/server.idssoft.net\/idsdemo\/wp-json\/wp\/v2\/product"}],"about":[{"href":"https:\/\/server.idssoft.net\/idsdemo\/wp-json\/wp\/v2\/types\/product"}],"replies":[{"embeddable":true,"href":"https:\/\/server.idssoft.net\/idsdemo\/wp-json\/wp\/v2\/comments?post=18200"}],"wp:featuredmedia":[{"embeddable":true,"href":"https:\/\/server.idssoft.net\/idsdemo\/wp-json\/wp\/v2\/media\/18199"}],"wp:attachment":[{"href":"https:\/\/server.idssoft.net\/idsdemo\/wp-json\/wp\/v2\/media?parent=18200"}],"wp:term":[{"taxonomy":"product_cat","embeddable":true,"href":"https:\/\/server.idssoft.net\/idsdemo\/wp-json\/wp\/v2\/product_cat?post=18200"},{"taxonomy":"product_tag","embeddable":true,"href":"https:\/\/server.idssoft.net\/idsdemo\/wp-json\/wp\/v2\/product_tag?post=18200"}],"curies":[{"name":"wp","href":"https:\/\/api.w.org\/{rel}","templated":true}]}}