{"id":18212,"date":"2021-12-01T19:18:16","date_gmt":"2021-12-01T19:18:16","guid":{"rendered":"https:\/\/server.idssoft.net\/idsdemo\/producto\/multifuncion-brother-mfc-l2750dw-a4-laser-monocromo\/"},"modified":"2021-12-01T19:18:16","modified_gmt":"2021-12-01T19:18:16","slug":"multifuncion-brother-mfc-l2750dw-a4-laser-monocromo","status":"publish","type":"product","link":"https:\/\/server.idssoft.net\/idsdemo\/producto\/multifuncion-brother-mfc-l2750dw-a4-laser-monocromo\/","title":{"rendered":"MULTIFUNCION Brother MFC-L2750DW A4 LASER Monocromo"},"content":{"rendered":"<p>Un todo en uno perfecto: la MFC-L2750DW, desarrollada para un hogar ocupado o una oficina peque\u00f1a, la \u00faltima impresora l\u00e1ser compacta todo en uno de Brother, cuenta con impresi\u00f3n avanzada de 36 p\u00e1ginas por minuto (1) y funciones de fax, copiadora y esc\u00e1ner.<br \/>\nDise\u00f1ada para la productividad: este reemplazo para la MFC-L2740DW ayuda a ahorrar tiempo con copia y escaneado d\u00faplex (2 caras) en un solo paso a trav\u00e9s de un alimentador autom\u00e1tico de documentos de hasta 50 hojas junto con funciones de copia, escaneado y fax de varias p\u00e1ginas.<br \/>\nImpresi\u00f3n sobre la marcha: env\u00eda trabajos de impresi\u00f3n de forma inal\u00e1mbrica desde tu ordenador de escritorio, port\u00e1til, smartphone y tableta (2). La impresi\u00f3n \u00abTouch to Connect\u00bb con NFC proporciona una mayor comodidad (3).<br \/>\nImpresi\u00f3n y escaneado basados en la nube: imprime y escanea desde\/hacia los proveedores populares de servicios en la nube directamente desde la pantalla t\u00e1ctil a color de 6,9 cm, incluyendo Dropbox, Google Drive, Evernote, OneNote y m\u00e1s (4).<br \/>\nImpresi\u00f3n inal\u00e1mbrica y soporte excepcional: con\u00e9ctate f\u00e1cilmente a trav\u00e9s de conexiones inal\u00e1mbricas desde tu port\u00e1til, smartphone, ordenador de escritorio y tableta. Proporcionamos soporte gratuito en l\u00ednea, y a trav\u00e9s de llamada o chat en vivo para prolongar la vida \u00fatil de tu impresora. Resoluci\u00f3n de copia: 600 x 600 (m\u00e1x.) puntos por pulgada (DPI). Fuente de alimentaci\u00f3n: CA ,120 V, 50\/60 Hz.<br \/>\nCompatibilidad del controlador del esc\u00e1ner: TWAIN, WIA, SANE y formatos de archivo de escaneado: JPEG (jpg), Max, PDF de una sola p\u00e1gina\/varias p\u00e1ginas (PDF\/a, PDF de alta compresi\u00f3n, TIFF de una sola p\u00e1gina\/varias p\u00e1ginas (TIFF). Reabastecimiento habilitado con Amazon Dash: tras la activaci\u00f3n, Amazon Dash Replenishment mide el nivel de t\u00f3ner y pide m\u00e1s desde Amazon cuando est\u00e1 bajo.<br \/>\nFactor de forma: solo impresi\u00f3n.<br \/>\nTecnolog\u00eda de conectividad: Wi-Fi.<\/p>\n","protected":false},"excerpt":{"rendered":"<p>Un todo en uno perfecto: la MFC-L2750DW, desarrollada para un hogar ocupado o una oficina peque\u00f1a, la \u00faltima impresora l\u00e1ser compacta todo en uno de Brother, cuenta con impresi\u00f3n avanzada de 36 p\u00e1ginas por minuto (1) y funciones de fax, copiadora y esc\u00e1ner. Dise\u00f1ada para la productividad: este reemplazo para la MFC-L2740DW ayuda a ahorrar &hellip;<\/p>\n<p class=\"read-more\"> <a class=\" thunk-readmore button \" href=\"https:\/\/server.idssoft.net\/idsdemo\/producto\/multifuncion-brother-mfc-l2750dw-a4-laser-monocromo\/\"> <span class=\"screen-reader-text\">MULTIFUNCION Brother MFC-L2750DW A4 LASER Monocromo<\/span>Leer m\u00e1s<\/a><\/p>\n","protected":false},"featured_media":18211,"comment_status":"open","ping_status":"closed","template":"","meta":[],"product_cat":[709],"product_tag":[],"class_list":["post-18212","product","type-product","status-publish","has-post-thumbnail","hentry","product_brand-brother","product_cat-informatica-equipos-multifuncionales-multifuncionales-laser-monocromo","thunk-woo-product-list","opn-qv-enable","top-store-woo-hover-","top-store-single-product-tab-horizontal","top-store-shadow-","top-store-shadow-hover-"],"_links":{"self":[{"href":"https:\/\/server.idssoft.net\/idsdemo\/wp-json\/wp\/v2\/product\/18212","targetHints":{"allow":["GET"]}}],"collection":[{"href":"https:\/\/server.idssoft.net\/idsdemo\/wp-json\/wp\/v2\/product"}],"about":[{"href":"https:\/\/server.idssoft.net\/idsdemo\/wp-json\/wp\/v2\/types\/product"}],"replies":[{"embeddable":true,"href":"https:\/\/server.idssoft.net\/idsdemo\/wp-json\/wp\/v2\/comments?post=18212"}],"wp:featuredmedia":[{"embeddable":true,"href":"https:\/\/server.idssoft.net\/idsdemo\/wp-json\/wp\/v2\/media\/18211"}],"wp:attachment":[{"href":"https:\/\/server.idssoft.net\/idsdemo\/wp-json\/wp\/v2\/media?parent=18212"}],"wp:term":[{"taxonomy":"product_cat","embeddable":true,"href":"https:\/\/server.idssoft.net\/idsdemo\/wp-json\/wp\/v2\/product_cat?post=18212"},{"taxonomy":"product_tag","embeddable":true,"href":"https:\/\/server.idssoft.net\/idsdemo\/wp-json\/wp\/v2\/product_tag?post=18212"}],"curies":[{"name":"wp","href":"https:\/\/api.w.org\/{rel}","templated":true}]}}