{"id":18214,"date":"2021-12-01T19:18:20","date_gmt":"2021-12-01T19:18:20","guid":{"rendered":"https:\/\/server.idssoft.net\/idsdemo\/producto\/cargador-pilas-volten-pilas-lr03-aaa\/"},"modified":"2021-12-01T19:18:20","modified_gmt":"2021-12-01T19:18:20","slug":"cargador-pilas-volten-pilas-lr03-aaa","status":"publish","type":"product","link":"https:\/\/server.idssoft.net\/idsdemo\/producto\/cargador-pilas-volten-pilas-lr03-aaa\/","title":{"rendered":"CARGADOR PILAS Volten +PILAS LR03\/AAA"},"content":{"rendered":"<p>Presentaci\u00f3n blister con cargador y 4 pilas.<br \/>\n\u2022 Tipo de Pila: Alcalina LR03\/AAA 1.2V.<br \/>\n\u2022 Recargable 1.000 mAh.<br \/>\n\u2022 0.00% Mercurio &#8211; Cadmio.<br \/>\n\u2022 Larga duraci\u00f3n, ideal para aparatos electr\u00f3nicos, juguetes etc&#8230;.<br \/>\n\u2022 Aseg\u00farese de introducir las bater\u00edas en la posici\u00f3n correcta (+\/-).No tire las bater\u00edas al fuego.No las intente recargar.Reemplace siempre el juego completo de bater\u00edas.No mezcle tipos y marcas distintas.Retire siempre las bater\u00edas agotadas.<\/p>\n","protected":false},"excerpt":{"rendered":"<p>Presentaci\u00f3n blister con cargador y 4 pilas. \u2022 Tipo de Pila: Alcalina LR03\/AAA 1.2V. \u2022 Recargable 1.000 mAh. \u2022 0.00% Mercurio &#8211; Cadmio. \u2022 Larga duraci\u00f3n, ideal para aparatos electr\u00f3nicos, juguetes etc&#8230;. \u2022 Aseg\u00farese de introducir las bater\u00edas en la posici\u00f3n correcta (+\/-).No tire las bater\u00edas al fuego.No las intente recargar.Reemplace siempre el juego completo &hellip;<\/p>\n<p class=\"read-more\"> <a class=\" thunk-readmore button \" href=\"https:\/\/server.idssoft.net\/idsdemo\/producto\/cargador-pilas-volten-pilas-lr03-aaa\/\"> <span class=\"screen-reader-text\">CARGADOR PILAS Volten +PILAS LR03\/AAA<\/span>Leer m\u00e1s<\/a><\/p>\n","protected":false},"featured_media":18213,"comment_status":"open","ping_status":"closed","template":"","meta":[],"product_cat":[693],"product_tag":[],"class_list":["post-18214","product","type-product","status-publish","has-post-thumbnail","hentry","product_cat-ofimatica-maquinas-de-oficina-pilas-baterias-pilas","thunk-woo-product-list","opn-qv-enable","top-store-woo-hover-","top-store-single-product-tab-horizontal","top-store-shadow-","top-store-shadow-hover-"],"_links":{"self":[{"href":"https:\/\/server.idssoft.net\/idsdemo\/wp-json\/wp\/v2\/product\/18214","targetHints":{"allow":["GET"]}}],"collection":[{"href":"https:\/\/server.idssoft.net\/idsdemo\/wp-json\/wp\/v2\/product"}],"about":[{"href":"https:\/\/server.idssoft.net\/idsdemo\/wp-json\/wp\/v2\/types\/product"}],"replies":[{"embeddable":true,"href":"https:\/\/server.idssoft.net\/idsdemo\/wp-json\/wp\/v2\/comments?post=18214"}],"wp:featuredmedia":[{"embeddable":true,"href":"https:\/\/server.idssoft.net\/idsdemo\/wp-json\/wp\/v2\/media\/18213"}],"wp:attachment":[{"href":"https:\/\/server.idssoft.net\/idsdemo\/wp-json\/wp\/v2\/media?parent=18214"}],"wp:term":[{"taxonomy":"product_cat","embeddable":true,"href":"https:\/\/server.idssoft.net\/idsdemo\/wp-json\/wp\/v2\/product_cat?post=18214"},{"taxonomy":"product_tag","embeddable":true,"href":"https:\/\/server.idssoft.net\/idsdemo\/wp-json\/wp\/v2\/product_tag?post=18214"}],"curies":[{"name":"wp","href":"https:\/\/api.w.org\/{rel}","templated":true}]}}