{"id":18219,"date":"2021-12-01T19:18:33","date_gmt":"2021-12-01T19:18:33","guid":{"rendered":"https:\/\/server.idssoft.net\/idsdemo\/producto\/multifuncion-brother-mfc-j1300dw-ink-jet-wif-dup-fax\/"},"modified":"2021-12-01T19:18:33","modified_gmt":"2021-12-01T19:18:33","slug":"multifuncion-brother-mfc-j1300dw-ink-jet-wif-dup-fax","status":"publish","type":"product","link":"https:\/\/server.idssoft.net\/idsdemo\/producto\/multifuncion-brother-mfc-j1300dw-ink-jet-wif-dup-fax\/","title":{"rendered":"MULTIFUNCION Brother MFC-J1300DW Ink-Jet Wif Dup\/Fax +"},"content":{"rendered":"<p>artuchos incluidos: BK: 6000 p\u00e1ginas &#8211; C\/M\/Y: 5000 p\u00e1ginas*<br \/>\nEthernet, WiFi y NFC. Conexi\u00f3n m\u00f3vil y conexi\u00f3n Cloud<br \/>\nImpresi\u00f3n autom\u00e1tica a doble cara<br \/>\nImpresi\u00f3n y escaneado directos a trav\u00e9s de USB y tarjetas de memoria<br \/>\nAlimentador autom\u00e1tico de documentos<br \/>\nPantalla color t\u00e1ctil de 6,8cm<\/p>\n","protected":false},"excerpt":{"rendered":"<p>artuchos incluidos: BK: 6000 p\u00e1ginas &#8211; C\/M\/Y: 5000 p\u00e1ginas* Ethernet, WiFi y NFC. Conexi\u00f3n m\u00f3vil y conexi\u00f3n Cloud Impresi\u00f3n autom\u00e1tica a doble cara Impresi\u00f3n y escaneado directos a trav\u00e9s de USB y tarjetas de memoria Alimentador autom\u00e1tico de documentos Pantalla color t\u00e1ctil de 6,8cm<\/p>\n","protected":false},"featured_media":0,"comment_status":"open","ping_status":"closed","template":"","meta":[],"product_cat":[706],"product_tag":[],"class_list":["post-18219","product","type-product","status-publish","hentry","product_brand-brother","product_cat-informatica-equipos-multifuncionales-multifuncionales-inkjet-color","thunk-woo-product-list","opn-qv-enable","top-store-woo-hover-","top-store-single-product-tab-horizontal","top-store-shadow-","top-store-shadow-hover-"],"_links":{"self":[{"href":"https:\/\/server.idssoft.net\/idsdemo\/wp-json\/wp\/v2\/product\/18219","targetHints":{"allow":["GET"]}}],"collection":[{"href":"https:\/\/server.idssoft.net\/idsdemo\/wp-json\/wp\/v2\/product"}],"about":[{"href":"https:\/\/server.idssoft.net\/idsdemo\/wp-json\/wp\/v2\/types\/product"}],"replies":[{"embeddable":true,"href":"https:\/\/server.idssoft.net\/idsdemo\/wp-json\/wp\/v2\/comments?post=18219"}],"wp:attachment":[{"href":"https:\/\/server.idssoft.net\/idsdemo\/wp-json\/wp\/v2\/media?parent=18219"}],"wp:term":[{"taxonomy":"product_cat","embeddable":true,"href":"https:\/\/server.idssoft.net\/idsdemo\/wp-json\/wp\/v2\/product_cat?post=18219"},{"taxonomy":"product_tag","embeddable":true,"href":"https:\/\/server.idssoft.net\/idsdemo\/wp-json\/wp\/v2\/product_tag?post=18219"}],"curies":[{"name":"wp","href":"https:\/\/api.w.org\/{rel}","templated":true}]}}