{"id":18221,"date":"2021-12-01T19:18:41","date_gmt":"2021-12-01T19:18:41","guid":{"rendered":"https:\/\/server.idssoft.net\/idsdemo\/producto\/multifuncion-hp-deskjet-2720e-a4-usb-2-0-wifi-monocromo\/"},"modified":"2021-12-01T19:18:41","modified_gmt":"2021-12-01T19:18:41","slug":"multifuncion-hp-deskjet-2720e-a4-usb-2-0-wifi-monocromo","status":"publish","type":"product","link":"https:\/\/server.idssoft.net\/idsdemo\/producto\/multifuncion-hp-deskjet-2720e-a4-usb-2-0-wifi-monocromo\/","title":{"rendered":"MULTIFUNCION HP DeskJet 2720e A4 USB 2.0 Wifi Monocromo"},"content":{"rendered":"<p>Equipo multifuncion Hp Deskjet 2720e 20 ppm negro 16 ppm color wifi bandeja entrada 60 h usb escaner.<br \/>\nImpresi\u00f3n, escaneado y copia, adem\u00e1s de un alimentador autom\u00e1tico de 35 p\u00e1ginas. Disfruta de una configuraci\u00f3n sencilla y de una conectividad inal\u00e1mbrica sin complicaciones. elige Hp + durante la configuraci\u00f3n para recibir 6 meses de instant ink si te registras posteriores a la configuraci\u00f3n de la impresora y un a\u00f1o de garant\u00eda comercial Hp adicional (2 a\u00f1os en total). Esta es una impresora habilitada para Hp +. Hp + requiere una cuenta Hp , una conexi\u00f3n ininterrumpida a internet y el uso exclusivo de cartuchos de tint modelo:26K67B<\/p>\n","protected":false},"excerpt":{"rendered":"<p>Equipo multifuncion Hp Deskjet 2720e 20 ppm negro 16 ppm color wifi bandeja entrada 60 h usb escaner. Impresi\u00f3n, escaneado y copia, adem\u00e1s de un alimentador autom\u00e1tico de 35 p\u00e1ginas. Disfruta de una configuraci\u00f3n sencilla y de una conectividad inal\u00e1mbrica sin complicaciones. elige Hp + durante la configuraci\u00f3n para recibir 6 meses de instant ink &hellip;<\/p>\n<p class=\"read-more\"> <a class=\" thunk-readmore button \" href=\"https:\/\/server.idssoft.net\/idsdemo\/producto\/multifuncion-hp-deskjet-2720e-a4-usb-2-0-wifi-monocromo\/\"> <span class=\"screen-reader-text\">MULTIFUNCION HP DeskJet 2720e A4 USB 2.0 Wifi Monocromo<\/span>Leer m\u00e1s<\/a><\/p>\n","protected":false},"featured_media":0,"comment_status":"open","ping_status":"closed","template":"","meta":[],"product_cat":[709],"product_tag":[],"class_list":["post-18221","product","type-product","status-publish","hentry","product_cat-informatica-equipos-multifuncionales-multifuncionales-laser-monocromo","thunk-woo-product-list","opn-qv-enable","top-store-woo-hover-","top-store-single-product-tab-horizontal","top-store-shadow-","top-store-shadow-hover-"],"_links":{"self":[{"href":"https:\/\/server.idssoft.net\/idsdemo\/wp-json\/wp\/v2\/product\/18221","targetHints":{"allow":["GET"]}}],"collection":[{"href":"https:\/\/server.idssoft.net\/idsdemo\/wp-json\/wp\/v2\/product"}],"about":[{"href":"https:\/\/server.idssoft.net\/idsdemo\/wp-json\/wp\/v2\/types\/product"}],"replies":[{"embeddable":true,"href":"https:\/\/server.idssoft.net\/idsdemo\/wp-json\/wp\/v2\/comments?post=18221"}],"wp:attachment":[{"href":"https:\/\/server.idssoft.net\/idsdemo\/wp-json\/wp\/v2\/media?parent=18221"}],"wp:term":[{"taxonomy":"product_cat","embeddable":true,"href":"https:\/\/server.idssoft.net\/idsdemo\/wp-json\/wp\/v2\/product_cat?post=18221"},{"taxonomy":"product_tag","embeddable":true,"href":"https:\/\/server.idssoft.net\/idsdemo\/wp-json\/wp\/v2\/product_tag?post=18221"}],"curies":[{"name":"wp","href":"https:\/\/api.w.org\/{rel}","templated":true}]}}