{"id":18222,"date":"2021-12-01T19:18:46","date_gmt":"2021-12-01T19:18:46","guid":{"rendered":"https:\/\/server.idssoft.net\/idsdemo\/producto\/multifuncion-brother-mfc-l3710cw-a4-laser-wifi\/"},"modified":"2021-12-01T19:18:46","modified_gmt":"2021-12-01T19:18:46","slug":"multifuncion-brother-mfc-l3710cw-a4-laser-wifi","status":"publish","type":"product","link":"https:\/\/server.idssoft.net\/idsdemo\/producto\/multifuncion-brother-mfc-l3710cw-a4-laser-wifi\/","title":{"rendered":"MULTIFUNCION Brother MFC-L3710CW A4 LASER Wifi"},"content":{"rendered":"<p>elocidad de impresi\u00f3n de 18 ppm tanto en color como en monocromo y para un uso m\u00e1s r\u00e1pido e intuitivo, pantalla color t\u00e1ctil de 9,3 cm.<\/p>\n<p>El alimentador de documentos del MFC-L3710CW te permitir\u00e1 ahorrar tiempo en las tareas de copia y escaneado y su bajo nivel de ruido en funcionamiento de tan solo 45 dB, disfrutar de un entorno de trabajo silencioso.<\/p>\n<p>Conectividad<br \/>\nComparte el equipo con la conexi\u00f3n WiFi y Wi-Fi Direct sin preocuparte por los tiempos de espera, ya que el MFC-L3710CW puede realizar 2 funciones a la vez.<\/p>\n<p>Disfruta de la flexibilidad de la conexi\u00f3n m\u00f3vil para su uso desde smartphones y tablets y la conexi\u00f3n Cloud, para compartir y descargar informaci\u00f3n.<\/p>\n","protected":false},"excerpt":{"rendered":"<p>elocidad de impresi\u00f3n de 18 ppm tanto en color como en monocromo y para un uso m\u00e1s r\u00e1pido e intuitivo, pantalla color t\u00e1ctil de 9,3 cm. El alimentador de documentos del MFC-L3710CW te permitir\u00e1 ahorrar tiempo en las tareas de copia y escaneado y su bajo nivel de ruido en funcionamiento de tan solo 45 &hellip;<\/p>\n<p class=\"read-more\"> <a class=\" thunk-readmore button \" href=\"https:\/\/server.idssoft.net\/idsdemo\/producto\/multifuncion-brother-mfc-l3710cw-a4-laser-wifi\/\"> <span class=\"screen-reader-text\">MULTIFUNCION Brother MFC-L3710CW A4 LASER Wifi<\/span>Leer m\u00e1s<\/a><\/p>\n","protected":false},"featured_media":0,"comment_status":"open","ping_status":"closed","template":"","meta":[],"product_cat":[708],"product_tag":[],"class_list":["post-18222","product","type-product","status-publish","hentry","product_brand-brother","product_cat-informatica-equipos-multifuncionales-multifuncionales-laser-led","thunk-woo-product-list","opn-qv-enable","top-store-woo-hover-","top-store-single-product-tab-horizontal","top-store-shadow-","top-store-shadow-hover-"],"_links":{"self":[{"href":"https:\/\/server.idssoft.net\/idsdemo\/wp-json\/wp\/v2\/product\/18222","targetHints":{"allow":["GET"]}}],"collection":[{"href":"https:\/\/server.idssoft.net\/idsdemo\/wp-json\/wp\/v2\/product"}],"about":[{"href":"https:\/\/server.idssoft.net\/idsdemo\/wp-json\/wp\/v2\/types\/product"}],"replies":[{"embeddable":true,"href":"https:\/\/server.idssoft.net\/idsdemo\/wp-json\/wp\/v2\/comments?post=18222"}],"wp:attachment":[{"href":"https:\/\/server.idssoft.net\/idsdemo\/wp-json\/wp\/v2\/media?parent=18222"}],"wp:term":[{"taxonomy":"product_cat","embeddable":true,"href":"https:\/\/server.idssoft.net\/idsdemo\/wp-json\/wp\/v2\/product_cat?post=18222"},{"taxonomy":"product_tag","embeddable":true,"href":"https:\/\/server.idssoft.net\/idsdemo\/wp-json\/wp\/v2\/product_tag?post=18222"}],"curies":[{"name":"wp","href":"https:\/\/api.w.org\/{rel}","templated":true}]}}