{"id":18224,"date":"2021-12-01T19:18:55","date_gmt":"2021-12-01T19:18:55","guid":{"rendered":"https:\/\/server.idssoft.net\/idsdemo\/producto\/multifuncion-brother-dcp-l3550cd-color-scan-red-wifi\/"},"modified":"2021-12-01T19:18:55","modified_gmt":"2021-12-01T19:18:55","slug":"multifuncion-brother-dcp-l3550cd-color-scan-red-wifi","status":"publish","type":"product","link":"https:\/\/server.idssoft.net\/idsdemo\/producto\/multifuncion-brother-dcp-l3550cd-color-scan-red-wifi\/","title":{"rendered":"MULTIFUNCION Brother DCP-L3550CD Color\/Scan\/Red\/Wifi"},"content":{"rendered":"<p>Imprima, copie y escanee con facilidad con la impresora multifunci\u00f3n Brother DCP-L3550CDW. Dise\u00f1ada para ser f\u00e1cil de usar, se usa en oficinas peque\u00f1as y ocupadas. Este dispositivo 3 en 1 con Alimentador autom\u00e1tico de documentos (ADF) de 50 hojas para escanear y copiar, es rico en funciones y ofrece una gran flexibilidad en una unidad silenciosa y compacta.<\/p>\n","protected":false},"excerpt":{"rendered":"<p>Imprima, copie y escanee con facilidad con la impresora multifunci\u00f3n Brother DCP-L3550CDW. Dise\u00f1ada para ser f\u00e1cil de usar, se usa en oficinas peque\u00f1as y ocupadas. Este dispositivo 3 en 1 con Alimentador autom\u00e1tico de documentos (ADF) de 50 hojas para escanear y copiar, es rico en funciones y ofrece una gran flexibilidad en una unidad &hellip;<\/p>\n<p class=\"read-more\"> <a class=\" thunk-readmore button \" href=\"https:\/\/server.idssoft.net\/idsdemo\/producto\/multifuncion-brother-dcp-l3550cd-color-scan-red-wifi\/\"> <span class=\"screen-reader-text\">MULTIFUNCION Brother DCP-L3550CD Color\/Scan\/Red\/Wifi<\/span>Leer m\u00e1s<\/a><\/p>\n","protected":false},"featured_media":0,"comment_status":"open","ping_status":"closed","template":"","meta":[],"product_cat":[707],"product_tag":[],"class_list":["post-18224","product","type-product","status-publish","hentry","product_brand-brother","product_cat-informatica-equipos-multifuncionales-multifuncionales-laser-color","thunk-woo-product-list","opn-qv-enable","top-store-woo-hover-","top-store-single-product-tab-horizontal","top-store-shadow-","top-store-shadow-hover-"],"_links":{"self":[{"href":"https:\/\/server.idssoft.net\/idsdemo\/wp-json\/wp\/v2\/product\/18224","targetHints":{"allow":["GET"]}}],"collection":[{"href":"https:\/\/server.idssoft.net\/idsdemo\/wp-json\/wp\/v2\/product"}],"about":[{"href":"https:\/\/server.idssoft.net\/idsdemo\/wp-json\/wp\/v2\/types\/product"}],"replies":[{"embeddable":true,"href":"https:\/\/server.idssoft.net\/idsdemo\/wp-json\/wp\/v2\/comments?post=18224"}],"wp:attachment":[{"href":"https:\/\/server.idssoft.net\/idsdemo\/wp-json\/wp\/v2\/media?parent=18224"}],"wp:term":[{"taxonomy":"product_cat","embeddable":true,"href":"https:\/\/server.idssoft.net\/idsdemo\/wp-json\/wp\/v2\/product_cat?post=18224"},{"taxonomy":"product_tag","embeddable":true,"href":"https:\/\/server.idssoft.net\/idsdemo\/wp-json\/wp\/v2\/product_tag?post=18224"}],"curies":[{"name":"wp","href":"https:\/\/api.w.org\/{rel}","templated":true}]}}