{"id":18267,"date":"2021-12-01T19:20:35","date_gmt":"2021-12-01T19:20:35","guid":{"rendered":"https:\/\/server.idssoft.net\/idsdemo\/producto\/pen-drive-64gb-2-0-usb\/"},"modified":"2021-12-01T19:20:35","modified_gmt":"2021-12-01T19:20:35","slug":"pen-drive-64gb-2-0-usb","status":"publish","type":"product","link":"https:\/\/server.idssoft.net\/idsdemo\/producto\/pen-drive-64gb-2-0-usb\/","title":{"rendered":"PEN DRIVE 64Gb 2.0 USB"},"content":{"rendered":"<p>Caracter\u00edsticas:<br \/>\n\u2022USB 3.0 Transfiere tu otros grandes archivos  de v\u00eddeo con la memoria Flash USB 3.0 SuperSpeed ??de Toshiba. La nueva serie se puede transferir contenido 2 veces m\u00e1s r\u00e1pido que con USB 2.0 !<br \/>\n\u2022alta Capacidad Con una capacidad de hasta 64 GB , la serie ofrece suficiente espacio para sus v\u00eddeos, fotos y m\u00fasica.<br \/>\n\u20225 a\u00f1os de garant\u00eda Estas unidades flash est\u00e1n cubiertos por una garant\u00eda de cinco a\u00f1os desde la fecha de compra.<\/p>\n<p>Especificaciones:<br \/>\n\u2022Interfaz SuperSpeed ??USB 3.0 * , USB 1.1 \/ Hi &#8211; Speed ??USB 2.0 *<br \/>\n\u2022Fuente de alimentaci\u00f3n Bus alimentado por puerto USB .<br \/>\n\u2022Compatible Modelos PC interfaz USB (tipo A ) con Windows Vista \u2122 , Windows\u00ae 7 , Windows\u00ae 8 y 8.1 o Mac OS X 10.6.6 \/ 10.7 \/ 10.8 \/ 10.9<br \/>\n\u2022Garant\u00eda 5 a\u00f1os<br \/>\n\u2022Dimensiones 51,4 ??mm ( L ) x 21,4 mm ( W ) x 8,4 mm (H ) ( Incluyendo Cap)<br \/>\n\u2022Peso 8 g (s\u00f3lo el cuerpo principal )<br \/>\n\u2022Condicionaes Ambientales 0 \u00b0 + 50 \u00b0 C (Recomendado )<br \/>\n\u2022Temperatura de almacenamiento -20 \u00b0 a + 60 \u00b0 C (Recomendado )<\/p>\n","protected":false},"excerpt":{"rendered":"<p>Caracter\u00edsticas: \u2022USB 3.0 Transfiere tu otros grandes archivos de v\u00eddeo con la memoria Flash USB 3.0 SuperSpeed ??de Toshiba. La nueva serie se puede transferir contenido 2 veces m\u00e1s r\u00e1pido que con USB 2.0 ! \u2022alta Capacidad Con una capacidad de hasta 64 GB , la serie ofrece suficiente espacio para sus v\u00eddeos, fotos y &hellip;<\/p>\n<p class=\"read-more\"> <a class=\" thunk-readmore button \" href=\"https:\/\/server.idssoft.net\/idsdemo\/producto\/pen-drive-64gb-2-0-usb\/\"> <span class=\"screen-reader-text\">PEN DRIVE 64Gb 2.0 USB<\/span>Leer m\u00e1s<\/a><\/p>\n","protected":false},"featured_media":18266,"comment_status":"open","ping_status":"closed","template":"","meta":[],"product_cat":[700],"product_tag":[],"class_list":["post-18267","product","type-product","status-publish","has-post-thumbnail","hentry","product_cat-informatica-memorias-pen-driver","thunk-woo-product-list","opn-qv-enable","top-store-woo-hover-","top-store-single-product-tab-horizontal","top-store-shadow-","top-store-shadow-hover-"],"_links":{"self":[{"href":"https:\/\/server.idssoft.net\/idsdemo\/wp-json\/wp\/v2\/product\/18267","targetHints":{"allow":["GET"]}}],"collection":[{"href":"https:\/\/server.idssoft.net\/idsdemo\/wp-json\/wp\/v2\/product"}],"about":[{"href":"https:\/\/server.idssoft.net\/idsdemo\/wp-json\/wp\/v2\/types\/product"}],"replies":[{"embeddable":true,"href":"https:\/\/server.idssoft.net\/idsdemo\/wp-json\/wp\/v2\/comments?post=18267"}],"wp:featuredmedia":[{"embeddable":true,"href":"https:\/\/server.idssoft.net\/idsdemo\/wp-json\/wp\/v2\/media\/18266"}],"wp:attachment":[{"href":"https:\/\/server.idssoft.net\/idsdemo\/wp-json\/wp\/v2\/media?parent=18267"}],"wp:term":[{"taxonomy":"product_cat","embeddable":true,"href":"https:\/\/server.idssoft.net\/idsdemo\/wp-json\/wp\/v2\/product_cat?post=18267"},{"taxonomy":"product_tag","embeddable":true,"href":"https:\/\/server.idssoft.net\/idsdemo\/wp-json\/wp\/v2\/product_tag?post=18267"}],"curies":[{"name":"wp","href":"https:\/\/api.w.org\/{rel}","templated":true}]}}