{"id":18290,"date":"2021-12-01T19:21:27","date_gmt":"2021-12-01T19:21:27","guid":{"rendered":"https:\/\/server.idssoft.net\/idsdemo\/producto\/multifuncion-laser-brother-mfcl6900dw\/"},"modified":"2021-12-01T19:21:27","modified_gmt":"2021-12-01T19:21:27","slug":"multifuncion-laser-brother-mfcl6900dw","status":"publish","type":"product","link":"https:\/\/server.idssoft.net\/idsdemo\/producto\/multifuncion-laser-brother-mfcl6900dw\/","title":{"rendered":"MULTIFUNCION LASER Brother MFCL6900DW"},"content":{"rendered":"<p>Especificaciones Brother MFC-L6900DWT:<br \/>\nVelocidad de la impresi\u00f3n<br \/>\nModo de impresi\u00f3n a doble cara: Autom\u00e1tico\/Manual<br \/>\nTecnolog\u00eda de impresi\u00f3n: Laser<br \/>\nImpresi\u00f3n: Impresi\u00f3n en blanco y negro<br \/>\nImpresi\u00f3n d\u00faplex: Si<br \/>\nResoluci\u00f3n m\u00e1xima: 1200 x 1200 DPI<br \/>\nVelocidad de impresi\u00f3n (negro, calidad normal, A4\/US Carta): 50 ppm<br \/>\nTiempo de calentamiento: 4,7 s<br \/>\nTiempo hasta primera p\u00e1gina (negro, normal): 7,5 s<br \/>\nImpresi\u00f3n n por cara: 2,4,9,16,25<br \/>\nImpresi\u00f3n segura: Si<\/p>\n","protected":false},"excerpt":{"rendered":"<p>Especificaciones Brother MFC-L6900DWT: Velocidad de la impresi\u00f3n Modo de impresi\u00f3n a doble cara: Autom\u00e1tico\/Manual Tecnolog\u00eda de impresi\u00f3n: Laser Impresi\u00f3n: Impresi\u00f3n en blanco y negro Impresi\u00f3n d\u00faplex: Si Resoluci\u00f3n m\u00e1xima: 1200 x 1200 DPI Velocidad de impresi\u00f3n (negro, calidad normal, A4\/US Carta): 50 ppm Tiempo de calentamiento: 4,7 s Tiempo hasta primera p\u00e1gina (negro, normal): 7,5 &hellip;<\/p>\n<p class=\"read-more\"> <a class=\" thunk-readmore button \" href=\"https:\/\/server.idssoft.net\/idsdemo\/producto\/multifuncion-laser-brother-mfcl6900dw\/\"> <span class=\"screen-reader-text\">MULTIFUNCION LASER Brother MFCL6900DW<\/span>Leer m\u00e1s<\/a><\/p>\n","protected":false},"featured_media":18289,"comment_status":"open","ping_status":"closed","template":"","meta":[],"product_cat":[707],"product_tag":[],"class_list":["post-18290","product","type-product","status-publish","has-post-thumbnail","hentry","product_brand-brother","product_cat-informatica-equipos-multifuncionales-multifuncionales-laser-color","thunk-woo-product-list","opn-qv-enable","top-store-woo-hover-","top-store-single-product-tab-horizontal","top-store-shadow-","top-store-shadow-hover-"],"_links":{"self":[{"href":"https:\/\/server.idssoft.net\/idsdemo\/wp-json\/wp\/v2\/product\/18290","targetHints":{"allow":["GET"]}}],"collection":[{"href":"https:\/\/server.idssoft.net\/idsdemo\/wp-json\/wp\/v2\/product"}],"about":[{"href":"https:\/\/server.idssoft.net\/idsdemo\/wp-json\/wp\/v2\/types\/product"}],"replies":[{"embeddable":true,"href":"https:\/\/server.idssoft.net\/idsdemo\/wp-json\/wp\/v2\/comments?post=18290"}],"wp:featuredmedia":[{"embeddable":true,"href":"https:\/\/server.idssoft.net\/idsdemo\/wp-json\/wp\/v2\/media\/18289"}],"wp:attachment":[{"href":"https:\/\/server.idssoft.net\/idsdemo\/wp-json\/wp\/v2\/media?parent=18290"}],"wp:term":[{"taxonomy":"product_cat","embeddable":true,"href":"https:\/\/server.idssoft.net\/idsdemo\/wp-json\/wp\/v2\/product_cat?post=18290"},{"taxonomy":"product_tag","embeddable":true,"href":"https:\/\/server.idssoft.net\/idsdemo\/wp-json\/wp\/v2\/product_tag?post=18290"}],"curies":[{"name":"wp","href":"https:\/\/api.w.org\/{rel}","templated":true}]}}