{"id":18324,"date":"2021-12-01T19:22:43","date_gmt":"2021-12-01T19:22:43","guid":{"rendered":"https:\/\/server.idssoft.net\/idsdemo\/producto\/pilas-volten-alkalinas-lr6-aa-pack-24\/"},"modified":"2021-12-01T19:22:43","modified_gmt":"2021-12-01T19:22:43","slug":"pilas-volten-alkalinas-lr6-aa-pack-24","status":"publish","type":"product","link":"https:\/\/server.idssoft.net\/idsdemo\/producto\/pilas-volten-alkalinas-lr6-aa-pack-24\/","title":{"rendered":"PILAS Volten \u00abALKALINAS\u00bb LR6\/AA (Pack-24)"},"content":{"rendered":"<p> Presentaci\u00f3n 24 unidades.<br \/>\n\u2022 Tipo de Pila: Alcalina LR6\/AA.<br \/>\n\u2022 0.00% Mercurio &#8211; Cadmio.<br \/>\n\u2022 Larga duraci\u00f3n, ideal para aparatos electr\u00f3nicos, juguetes etc&#8230;.<br \/>\n\u2022 Aseg\u00farese de introducir las bater\u00edas en la posici\u00f3n correcta (+\/-).No tire las bater\u00edas al fuego.No las intente recargar.Reemplace siempre el juego completo de bater\u00edas.No mezcle tipos y marcas distintas.Retire siempre las bater\u00edas agotadas.<\/p>\n","protected":false},"excerpt":{"rendered":"<p>Presentaci\u00f3n 24 unidades. \u2022 Tipo de Pila: Alcalina LR6\/AA. \u2022 0.00% Mercurio &#8211; Cadmio. \u2022 Larga duraci\u00f3n, ideal para aparatos electr\u00f3nicos, juguetes etc&#8230;. \u2022 Aseg\u00farese de introducir las bater\u00edas en la posici\u00f3n correcta (+\/-).No tire las bater\u00edas al fuego.No las intente recargar.Reemplace siempre el juego completo de bater\u00edas.No mezcle tipos y marcas distintas.Retire siempre las &hellip;<\/p>\n<p class=\"read-more\"> <a class=\" thunk-readmore button \" href=\"https:\/\/server.idssoft.net\/idsdemo\/producto\/pilas-volten-alkalinas-lr6-aa-pack-24\/\"> <span class=\"screen-reader-text\">PILAS Volten \u00abALKALINAS\u00bb LR6\/AA (Pack-24)<\/span>Leer m\u00e1s<\/a><\/p>\n","protected":false},"featured_media":18323,"comment_status":"open","ping_status":"closed","template":"","meta":[],"product_cat":[693],"product_tag":[],"class_list":["post-18324","product","type-product","status-publish","has-post-thumbnail","hentry","product_cat-ofimatica-maquinas-de-oficina-pilas-baterias-pilas","thunk-woo-product-list","opn-qv-enable","top-store-woo-hover-","top-store-single-product-tab-horizontal","top-store-shadow-","top-store-shadow-hover-"],"_links":{"self":[{"href":"https:\/\/server.idssoft.net\/idsdemo\/wp-json\/wp\/v2\/product\/18324","targetHints":{"allow":["GET"]}}],"collection":[{"href":"https:\/\/server.idssoft.net\/idsdemo\/wp-json\/wp\/v2\/product"}],"about":[{"href":"https:\/\/server.idssoft.net\/idsdemo\/wp-json\/wp\/v2\/types\/product"}],"replies":[{"embeddable":true,"href":"https:\/\/server.idssoft.net\/idsdemo\/wp-json\/wp\/v2\/comments?post=18324"}],"wp:featuredmedia":[{"embeddable":true,"href":"https:\/\/server.idssoft.net\/idsdemo\/wp-json\/wp\/v2\/media\/18323"}],"wp:attachment":[{"href":"https:\/\/server.idssoft.net\/idsdemo\/wp-json\/wp\/v2\/media?parent=18324"}],"wp:term":[{"taxonomy":"product_cat","embeddable":true,"href":"https:\/\/server.idssoft.net\/idsdemo\/wp-json\/wp\/v2\/product_cat?post=18324"},{"taxonomy":"product_tag","embeddable":true,"href":"https:\/\/server.idssoft.net\/idsdemo\/wp-json\/wp\/v2\/product_tag?post=18324"}],"curies":[{"name":"wp","href":"https:\/\/api.w.org\/{rel}","templated":true}]}}