{"id":18484,"date":"2022-02-17T14:34:19","date_gmt":"2022-02-17T14:34:19","guid":{"rendered":"https:\/\/server.idssoft.net\/idsdemo\/producto\/sobres-autodex-blanco-115x225-pv-c-500u-open-sistem\/"},"modified":"2022-02-17T14:34:22","modified_gmt":"2022-02-17T14:34:22","slug":"sobres-autodex-blanco-115x225-pv-c-500u-open-sistem","status":"publish","type":"product","link":"https:\/\/server.idssoft.net\/idsdemo\/producto\/sobres-autodex-blanco-115x225-pv-c-500u-open-sistem\/","title":{"rendered":"SOBRES Autodex Blanco 115&#215;225 (Pv.C\/500u.) Open-Sistem"},"content":{"rendered":"<p>Caja de 500 sobres blancos con tira de silicona &#8211; Sobres resistentes para todos tus env\u00edos cotidianos &#8211; Autoadhesivo: tire y pegue &#8211; Para inspecci\u00f3n postal &#8211; El troquel de cierre proporciona una apertura f\u00e1cil<\/p>\n","protected":false},"excerpt":{"rendered":"<p>Caja de 500 sobres blancos con tira de silicona &#8211; Sobres resistentes para todos tus env\u00edos cotidianos &#8211; Autoadhesivo: tire y pegue &#8211; Para inspecci\u00f3n postal &#8211; El troquel de cierre proporciona una apertura f\u00e1cil<\/p>\n","protected":false},"featured_media":0,"comment_status":"open","ping_status":"closed","template":"","meta":[],"product_cat":[675],"product_tag":[],"class_list":["post-18484","product","type-product","status-publish","hentry","product_cat-sobres-y-envios-sobres-y-bolsas-sobres-bolsas-autodex","thunk-woo-product-list","opn-qv-enable","top-store-woo-hover-","top-store-single-product-tab-horizontal","top-store-shadow-","top-store-shadow-hover-"],"_links":{"self":[{"href":"https:\/\/server.idssoft.net\/idsdemo\/wp-json\/wp\/v2\/product\/18484","targetHints":{"allow":["GET"]}}],"collection":[{"href":"https:\/\/server.idssoft.net\/idsdemo\/wp-json\/wp\/v2\/product"}],"about":[{"href":"https:\/\/server.idssoft.net\/idsdemo\/wp-json\/wp\/v2\/types\/product"}],"replies":[{"embeddable":true,"href":"https:\/\/server.idssoft.net\/idsdemo\/wp-json\/wp\/v2\/comments?post=18484"}],"wp:attachment":[{"href":"https:\/\/server.idssoft.net\/idsdemo\/wp-json\/wp\/v2\/media?parent=18484"}],"wp:term":[{"taxonomy":"product_cat","embeddable":true,"href":"https:\/\/server.idssoft.net\/idsdemo\/wp-json\/wp\/v2\/product_cat?post=18484"},{"taxonomy":"product_tag","embeddable":true,"href":"https:\/\/server.idssoft.net\/idsdemo\/wp-json\/wp\/v2\/product_tag?post=18484"}],"curies":[{"name":"wp","href":"https:\/\/api.w.org\/{rel}","templated":true}]}}