{"id":18585,"date":"2022-02-17T14:38:55","date_gmt":"2022-02-17T14:38:55","guid":{"rendered":"https:\/\/server.idssoft.net\/idsdemo\/producto\/anillas-metal-articuladas-20mm-pvp-caja-x20u\/"},"modified":"2022-02-17T14:38:59","modified_gmt":"2022-02-17T14:38:59","slug":"anillas-metal-articuladas-20mm-pvp-caja-x20u","status":"publish","type":"product","link":"https:\/\/server.idssoft.net\/idsdemo\/producto\/anillas-metal-articuladas-20mm-pvp-caja-x20u\/","title":{"rendered":"ANILLAS METAL Articuladas (20mm) (PvP.Caja.x20u)"},"content":{"rendered":"<p>Ref.OEM: AP00451  ANILLAS MET\u00c1LICAS Articuladas, en cajas de 10 \u00f3 20 unidades (seg\u00fan modelo).<\/p>\n","protected":false},"excerpt":{"rendered":"<p>Ref.OEM: AP00451 ANILLAS MET\u00c1LICAS Articuladas, en cajas de 10 \u00f3 20 unidades (seg\u00fan modelo).<\/p>\n","protected":false},"featured_media":18584,"comment_status":"open","ping_status":"closed","template":"","meta":[],"product_cat":[15],"product_tag":[],"class_list":["post-18585","product","type-product","status-publish","has-post-thumbnail","hentry","product_cat-sin-categorizar","thunk-woo-product-list","opn-qv-enable","top-store-woo-hover-","top-store-single-product-tab-horizontal","top-store-shadow-","top-store-shadow-hover-"],"_links":{"self":[{"href":"https:\/\/server.idssoft.net\/idsdemo\/wp-json\/wp\/v2\/product\/18585","targetHints":{"allow":["GET"]}}],"collection":[{"href":"https:\/\/server.idssoft.net\/idsdemo\/wp-json\/wp\/v2\/product"}],"about":[{"href":"https:\/\/server.idssoft.net\/idsdemo\/wp-json\/wp\/v2\/types\/product"}],"replies":[{"embeddable":true,"href":"https:\/\/server.idssoft.net\/idsdemo\/wp-json\/wp\/v2\/comments?post=18585"}],"wp:featuredmedia":[{"embeddable":true,"href":"https:\/\/server.idssoft.net\/idsdemo\/wp-json\/wp\/v2\/media\/18584"}],"wp:attachment":[{"href":"https:\/\/server.idssoft.net\/idsdemo\/wp-json\/wp\/v2\/media?parent=18585"}],"wp:term":[{"taxonomy":"product_cat","embeddable":true,"href":"https:\/\/server.idssoft.net\/idsdemo\/wp-json\/wp\/v2\/product_cat?post=18585"},{"taxonomy":"product_tag","embeddable":true,"href":"https:\/\/server.idssoft.net\/idsdemo\/wp-json\/wp\/v2\/product_tag?post=18585"}],"curies":[{"name":"wp","href":"https:\/\/api.w.org\/{rel}","templated":true}]}}