{"id":18593,"date":"2022-02-17T14:39:11","date_gmt":"2022-02-17T14:39:11","guid":{"rendered":"https:\/\/server.idssoft.net\/idsdemo\/producto\/anillas-metal-articuladas-45mm-pvp-caja-x10u\/"},"modified":"2022-02-17T14:39:14","modified_gmt":"2022-02-17T14:39:14","slug":"anillas-metal-articuladas-45mm-pvp-caja-x10u","status":"publish","type":"product","link":"https:\/\/server.idssoft.net\/idsdemo\/producto\/anillas-metal-articuladas-45mm-pvp-caja-x10u\/","title":{"rendered":"ANILLAS METAL Articuladas (45mm) (PvP.Caja.x10u)"},"content":{"rendered":"<p>Ref.OEM: AP00455 ANILLAS MET\u00c1LICAS Articuladas, en cajas de 10 \u00f3 20 unidades (seg\u00fan modelo).<\/p>\n","protected":false},"excerpt":{"rendered":"<p>Ref.OEM: AP00455 ANILLAS MET\u00c1LICAS Articuladas, en cajas de 10 \u00f3 20 unidades (seg\u00fan modelo).<\/p>\n","protected":false},"featured_media":18592,"comment_status":"open","ping_status":"closed","template":"","meta":[],"product_cat":[15],"product_tag":[],"class_list":["post-18593","product","type-product","status-publish","has-post-thumbnail","hentry","product_cat-sin-categorizar","thunk-woo-product-list","opn-qv-enable","top-store-woo-hover-","top-store-single-product-tab-horizontal","top-store-shadow-","top-store-shadow-hover-"],"_links":{"self":[{"href":"https:\/\/server.idssoft.net\/idsdemo\/wp-json\/wp\/v2\/product\/18593","targetHints":{"allow":["GET"]}}],"collection":[{"href":"https:\/\/server.idssoft.net\/idsdemo\/wp-json\/wp\/v2\/product"}],"about":[{"href":"https:\/\/server.idssoft.net\/idsdemo\/wp-json\/wp\/v2\/types\/product"}],"replies":[{"embeddable":true,"href":"https:\/\/server.idssoft.net\/idsdemo\/wp-json\/wp\/v2\/comments?post=18593"}],"wp:featuredmedia":[{"embeddable":true,"href":"https:\/\/server.idssoft.net\/idsdemo\/wp-json\/wp\/v2\/media\/18592"}],"wp:attachment":[{"href":"https:\/\/server.idssoft.net\/idsdemo\/wp-json\/wp\/v2\/media?parent=18593"}],"wp:term":[{"taxonomy":"product_cat","embeddable":true,"href":"https:\/\/server.idssoft.net\/idsdemo\/wp-json\/wp\/v2\/product_cat?post=18593"},{"taxonomy":"product_tag","embeddable":true,"href":"https:\/\/server.idssoft.net\/idsdemo\/wp-json\/wp\/v2\/product_tag?post=18593"}],"curies":[{"name":"wp","href":"https:\/\/api.w.org\/{rel}","templated":true}]}}