{"id":18728,"date":"2022-03-30T15:48:20","date_gmt":"2022-03-30T15:48:20","guid":{"rendered":"https:\/\/server.idssoft.net\/idsdemo\/producto\/taladro-petrus-mod-95-2-huecos-40-hojas\/"},"modified":"2022-03-30T15:48:20","modified_gmt":"2022-03-30T15:48:20","slug":"taladro-petrus-mod-95-2-huecos-40-hojas","status":"publish","type":"product","link":"https:\/\/server.idssoft.net\/idsdemo\/producto\/taladro-petrus-mod-95-2-huecos-40-hojas\/","title":{"rendered":"TALADRO Petrus Mod-95 2-Huecos 40-Hojas"},"content":{"rendered":"<p>Ref.OEM: ES33713<br \/>\nTaladrador Petrus 95 -capacidad 40 hojas.<br \/>\nTaladrador de oficina de 2 agujeros. Totalmente met\u00e1lico. Distancia entre agujeros:80 mm. Capacidad de taladrado:40 hojas. Hueco de agarre que permite que el usuario pueda hacer m\u00e1s presi\u00f3n al taladrar. Zona de sujeci\u00f3n patentada y punzones afilad\u00edsimos que erzo. Adem\u00e1s, se ha incorporado una nueva regleta que permite un ajuste perfecto y no se mueve mientras se taladra. Asimismo lleva una ventana que enmarca claramente el formato seleccionado. Medidas de la base:157 x 115 mm. Marca: Petrus modelo:623357<\/p>\n","protected":false},"excerpt":{"rendered":"<p>623357<\/p>\n","protected":false},"featured_media":0,"comment_status":"open","ping_status":"closed","template":"","meta":[],"product_cat":[15],"product_tag":[],"class_list":["post-18728","product","type-product","status-publish","hentry","product_cat-sin-categorizar","thunk-woo-product-list","opn-qv-enable","top-store-woo-hover-","top-store-single-product-tab-horizontal","top-store-shadow-","top-store-shadow-hover-"],"_links":{"self":[{"href":"https:\/\/server.idssoft.net\/idsdemo\/wp-json\/wp\/v2\/product\/18728","targetHints":{"allow":["GET"]}}],"collection":[{"href":"https:\/\/server.idssoft.net\/idsdemo\/wp-json\/wp\/v2\/product"}],"about":[{"href":"https:\/\/server.idssoft.net\/idsdemo\/wp-json\/wp\/v2\/types\/product"}],"replies":[{"embeddable":true,"href":"https:\/\/server.idssoft.net\/idsdemo\/wp-json\/wp\/v2\/comments?post=18728"}],"wp:attachment":[{"href":"https:\/\/server.idssoft.net\/idsdemo\/wp-json\/wp\/v2\/media?parent=18728"}],"wp:term":[{"taxonomy":"product_cat","embeddable":true,"href":"https:\/\/server.idssoft.net\/idsdemo\/wp-json\/wp\/v2\/product_cat?post=18728"},{"taxonomy":"product_tag","embeddable":true,"href":"https:\/\/server.idssoft.net\/idsdemo\/wp-json\/wp\/v2\/product_tag?post=18728"}],"curies":[{"name":"wp","href":"https:\/\/api.w.org\/{rel}","templated":true}]}}