{"id":18731,"date":"2022-03-30T15:48:30","date_gmt":"2022-03-30T15:48:30","guid":{"rendered":"https:\/\/server.idssoft.net\/idsdemo\/producto\/grapadora-petrus-mod-226-30-hojas-azul\/"},"modified":"2022-03-30T15:48:30","modified_gmt":"2022-03-30T15:48:30","slug":"grapadora-petrus-mod-226-30-hojas-azul","status":"publish","type":"product","link":"https:\/\/server.idssoft.net\/idsdemo\/producto\/grapadora-petrus-mod-226-30-hojas-azul\/","title":{"rendered":"GRAPADORA Petrus Mod.226 (30-Hojas) (Azul)"},"content":{"rendered":"<p>Ref.OEM: <\/p>\n<p>226<br \/>\nGrapadora met\u00e1lica. Apertura frontal autom\u00e1tica antibloqueo, con cargador doble gu\u00eda para evitar atascos. Cubeta pl\u00e1stica antideslizante. Tipo de grapado: abierto, cerrado y clavado. Grapas 22-24\/6. Capacidad: 30 hojas. Tres acabados: cromado, pintada en colores cl\u00e1sicos o la nueva gama DUET, en colores combinados con color plata.<\/p>\n","protected":false},"excerpt":{"rendered":"<p>44794<\/p>\n","protected":false},"featured_media":0,"comment_status":"open","ping_status":"closed","template":"","meta":[],"product_cat":[15],"product_tag":[],"class_list":["post-18731","product","type-product","status-publish","hentry","product_cat-sin-categorizar","thunk-woo-product-list","opn-qv-enable","top-store-woo-hover-","top-store-single-product-tab-horizontal","top-store-shadow-","top-store-shadow-hover-"],"_links":{"self":[{"href":"https:\/\/server.idssoft.net\/idsdemo\/wp-json\/wp\/v2\/product\/18731","targetHints":{"allow":["GET"]}}],"collection":[{"href":"https:\/\/server.idssoft.net\/idsdemo\/wp-json\/wp\/v2\/product"}],"about":[{"href":"https:\/\/server.idssoft.net\/idsdemo\/wp-json\/wp\/v2\/types\/product"}],"replies":[{"embeddable":true,"href":"https:\/\/server.idssoft.net\/idsdemo\/wp-json\/wp\/v2\/comments?post=18731"}],"wp:attachment":[{"href":"https:\/\/server.idssoft.net\/idsdemo\/wp-json\/wp\/v2\/media?parent=18731"}],"wp:term":[{"taxonomy":"product_cat","embeddable":true,"href":"https:\/\/server.idssoft.net\/idsdemo\/wp-json\/wp\/v2\/product_cat?post=18731"},{"taxonomy":"product_tag","embeddable":true,"href":"https:\/\/server.idssoft.net\/idsdemo\/wp-json\/wp\/v2\/product_tag?post=18731"}],"curies":[{"name":"wp","href":"https:\/\/api.w.org\/{rel}","templated":true}]}}